{"id":5022,"date":"2023-06-22T09:45:13","date_gmt":"2023-06-22T09:45:13","guid":{"rendered":"https:\/\/www.resibras.pt\/?page_id=5022"},"modified":"2023-08-04T16:43:05","modified_gmt":"2023-08-04T16:43:05","slug":"treinamento-de-seguranca","status":"publish","type":"page","link":"https:\/\/www.resibras.pt\/es\/treinamento-de-seguranca\/","title":{"rendered":"Capacitaci\u00f3n en el uso seguro de diisocianatos"},"content":{"rendered":"\t\t<div data-elementor-type=\"wp-page\" data-elementor-id=\"5022\" class=\"elementor elementor-5022\">\n\t\t\t\t\t\t<section class=\"elementor-section elementor-top-section elementor-element elementor-element-13c9cbe elementor-section-height-min-height elementor-section-items-stretch elementor-section-content-middle elementor-section-boxed elementor-section-height-default\" data-id=\"13c9cbe\" data-element_type=\"section\" data-e-type=\"section\" data-settings=\"{&quot;jet_parallax_layout_list&quot;:[{&quot;jet_parallax_layout_image&quot;:{&quot;url&quot;:&quot;&quot;,&quot;id&quot;:&quot;&quot;,&quot;size&quot;:&quot;&quot;},&quot;_id&quot;:&quot;c5f1fd7&quot;,&quot;jet_parallax_layout_speed&quot;:{&quot;unit&quot;:&quot;%&quot;,&quot;size&quot;:&quot;50&quot;,&quot;sizes&quot;:[]},&quot;jet_parallax_layout_bg_x&quot;:&quot;50&quot;,&quot;jet_parallax_layout_bg_y&quot;:&quot;50&quot;,&quot;jet_parallax_layout_image_tablet&quot;:{&quot;url&quot;:&quot;&quot;,&quot;id&quot;:&quot;&quot;,&quot;size&quot;:&quot;&quot;},&quot;jet_parallax_layout_image_mobile&quot;:{&quot;url&quot;:&quot;&quot;,&quot;id&quot;:&quot;&quot;,&quot;size&quot;:&quot;&quot;},&quot;jet_parallax_layout_type&quot;:&quot;scroll&quot;,&quot;jet_parallax_layout_direction&quot;:null,&quot;jet_parallax_layout_fx_direction&quot;:null,&quot;jet_parallax_layout_z_index&quot;:&quot;&quot;,&quot;jet_parallax_layout_bg_x_tablet&quot;:&quot;&quot;,&quot;jet_parallax_layout_bg_x_mobile&quot;:&quot;&quot;,&quot;jet_parallax_layout_bg_y_tablet&quot;:&quot;&quot;,&quot;jet_parallax_layout_bg_y_mobile&quot;:&quot;&quot;,&quot;jet_parallax_layout_bg_size&quot;:&quot;auto&quot;,&quot;jet_parallax_layout_bg_size_tablet&quot;:&quot;&quot;,&quot;jet_parallax_layout_bg_size_mobile&quot;:&quot;&quot;,&quot;jet_parallax_layout_animation_prop&quot;:&quot;transform&quot;,&quot;jet_parallax_layout_on&quot;:[&quot;desktop&quot;,&quot;tablet&quot;]}],&quot;background_background&quot;:&quot;classic&quot;}\">\n\t\t\t\t\t\t\t<div class=\"elementor-background-overlay\"><\/div>\n\t\t\t\t\t\t\t<div class=\"elementor-container elementor-column-gap-default\">\n\t\t\t\t\t<div class=\"elementor-column elementor-col-100 elementor-top-column elementor-element elementor-element-8d6754e\" data-id=\"8d6754e\" data-element_type=\"column\" data-e-type=\"column\">\n\t\t\t<div class=\"elementor-widget-wrap elementor-element-populated\">\n\t\t\t\t\t\t<div class=\"elementor-element elementor-element-60eb139e elementor-mobile-align-center elementor-align-left elementor-widget elementor-widget-raven-heading\" data-id=\"60eb139e\" data-element_type=\"widget\" data-e-type=\"widget\" data-widget_type=\"raven-heading.default\">\n\t\t\t\t<div class=\"elementor-widget-container\">\n\t\t\t\t\t\t\t<div class=\"raven-widget-wrapper\"><h1 class=\"raven-heading raven-heading-h1\"><span class=\"raven-heading-title \">Forma\u00e7\u00e3o na utiliza\u00e7\u00e3o segura em diisocianatos<\/span><\/h1><\/div>\n\t\t\t\t\t\t<\/div>\n\t\t\t\t<\/div>\n\t\t\t\t<div class=\"elementor-element elementor-element-1d5c1a17 elementor-mobile-align-center elementor-align-left elementor-widget elementor-widget-raven-breadcrumbs\" data-id=\"1d5c1a17\" data-element_type=\"widget\" data-e-type=\"widget\" data-widget_type=\"raven-breadcrumbs.default\">\n\t\t\t\t<div class=\"elementor-widget-container\">\n\t\t\t\t\t<div class=\"raven-breadcrumbs raven-breadcrumbs-default\"><div class=\"breadcrumb\">\t\t\t\t\t\t\t\t<div class=\"breadcrumb-item active\" aria-current=\"page\"><span>Home<\/span><\/div>\n\n\t\t\t\t<\/div><\/div>\t\t\t\t<\/div>\n\t\t\t\t<\/div>\n\t\t\t\t\t<\/div>\n\t\t<\/div>\n\t\t\t\t\t<\/div>\n\t\t<\/section>\n\t\t\t\t<section class=\"elementor-section elementor-top-section elementor-element elementor-element-3e7233a elementor-section-boxed elementor-section-height-default elementor-section-height-default\" data-id=\"3e7233a\" data-element_type=\"section\" data-e-type=\"section\" data-settings=\"{&quot;jet_parallax_layout_list&quot;:[]}\">\n\t\t\t\t\t\t<div class=\"elementor-container elementor-column-gap-default\">\n\t\t\t\t\t<div class=\"elementor-column elementor-col-16 elementor-top-column elementor-element elementor-element-0460c47\" data-id=\"0460c47\" data-element_type=\"column\" data-e-type=\"column\">\n\t\t\t<div class=\"elementor-widget-wrap\">\n\t\t\t\t\t\t\t<\/div>\n\t\t<\/div>\n\t\t\t\t<div class=\"elementor-column elementor-col-66 elementor-top-column elementor-element elementor-element-dacd37c\" data-id=\"dacd37c\" data-element_type=\"column\" data-e-type=\"column\">\n\t\t\t<div class=\"elementor-widget-wrap elementor-element-populated\">\n\t\t\t\t\t\t<div class=\"elementor-element elementor-element-d8239fc elementor-widget elementor-widget-heading\" data-id=\"d8239fc\" data-element_type=\"widget\" data-e-type=\"widget\" data-widget_type=\"heading.default\">\n\t\t\t\t<div class=\"elementor-widget-container\">\n\t\t\t\t\t<h3 class=\"elementor-heading-title elementor-size-default\">FORMA\u00c7\u00c3O NA UTILIZA\u00c7\u00c3O SEGURA EM DIISOCIANATOS<\/h3>\t\t\t\t<\/div>\n\t\t\t\t<\/div>\n\t\t\t\t<div class=\"elementor-element elementor-element-cfe4965 elementor-widget elementor-widget-text-editor\" data-id=\"cfe4965\" data-element_type=\"widget\" data-e-type=\"widget\" data-widget_type=\"text-editor.default\">\n\t\t\t\t<div class=\"elementor-widget-container\">\n\t\t\t\t\t\t\t\t\t<p>Em 3 Agosto de 2020 foi publicado o Regulamento da Uni\u00e3o Europeia 2020\/1149, o qual determina que, ap\u00f3s 24 de Agosto de 2023 qualquer utilizador profissional ou industrial, de produtos contendo isocianatos ter\u00e1, obrigatoriamente, de ter recebido forma\u00e7\u00e3o espec\u00edfica.<\/p><p>Para mais informa\u00e7\u00f5es por favor visite o website: <a href=\"http:\/\/www.safeusediisocyanates.eu\/\">http:\/\/www.safeusediisocyanates.eu\/<\/a><\/p>\t\t\t\t\t\t\t\t<\/div>\n\t\t\t\t<\/div>\n\t\t\t\t\t<\/div>\n\t\t<\/div>\n\t\t\t\t<div class=\"elementor-column elementor-col-16 elementor-top-column elementor-element elementor-element-32f3ebd\" data-id=\"32f3ebd\" data-element_type=\"column\" data-e-type=\"column\">\n\t\t\t<div class=\"elementor-widget-wrap\">\n\t\t\t\t\t\t\t<\/div>\n\t\t<\/div>\n\t\t\t\t\t<\/div>\n\t\t<\/section>\n\t\t\t\t<\/div>\n\t\t","protected":false},"excerpt":{"rendered":"<p>Forma\u00e7\u00e3o na utiliza\u00e7\u00e3o segura em diisocianatos Home FORMA\u00c7\u00c3O NA UTILIZA\u00c7\u00c3O SEGURA EM DIISOCIANATOS Em 3 Agosto de 2020 foi publicado o Regulamento da Uni\u00e3o Europeia 2020\/1149, o qual determina que, ap\u00f3s 24 de Agosto de 2023 qualquer utilizador profissional ou industrial, de produtos contendo isocianatos ter\u00e1, obrigatoriamente, de ter recebido forma\u00e7\u00e3o espec\u00edfica. Para mais informa\u00e7\u00f5es [&hellip;]<\/p>\n","protected":false},"author":1,"featured_media":0,"parent":0,"menu_order":0,"comment_status":"closed","ping_status":"closed","template":"elementor_header_footer","meta":{"_acf_changed":false,"footnotes":""},"class_list":["post-5022","page","type-page","status-publish","hentry"],"acf":[],"yoast_head":"<!-- This site is optimized with the Yoast SEO plugin v27.5 - https:\/\/yoast.com\/product\/yoast-seo-wordpress\/ -->\n<title>Forma\u00e7\u00e3o na utiliza\u00e7\u00e3o segura em diisocianatos - Resibras Website<\/title>\n<meta name=\"robots\" content=\"index, follow, max-snippet:-1, max-image-preview:large, max-video-preview:-1\" \/>\n<link rel=\"canonical\" href=\"https:\/\/www.resibras.pt\/es\/treinamento-de-seguranca\/\" \/>\n<meta property=\"og:locale\" content=\"es_ES\" \/>\n<meta property=\"og:type\" content=\"article\" \/>\n<meta property=\"og:title\" content=\"Forma\u00e7\u00e3o na utiliza\u00e7\u00e3o segura em diisocianatos - Resibras Website\" \/>\n<meta property=\"og:description\" content=\"Forma\u00e7\u00e3o na utiliza\u00e7\u00e3o segura em diisocianatos Home FORMA\u00c7\u00c3O NA UTILIZA\u00c7\u00c3O SEGURA EM DIISOCIANATOS Em 3 Agosto de 2020 foi publicado o Regulamento da Uni\u00e3o Europeia 2020\/1149, o qual determina que, ap\u00f3s 24 de Agosto de 2023 qualquer utilizador profissional ou industrial, de produtos contendo isocianatos ter\u00e1, obrigatoriamente, de ter recebido forma\u00e7\u00e3o espec\u00edfica. Para mais informa\u00e7\u00f5es [&hellip;]\" \/>\n<meta property=\"og:url\" content=\"https:\/\/www.resibras.pt\/es\/treinamento-de-seguranca\/\" \/>\n<meta property=\"og:site_name\" content=\"Resibras Website\" \/>\n<meta property=\"article:modified_time\" content=\"2023-08-04T16:43:05+00:00\" \/>\n<meta name=\"twitter:card\" content=\"summary_large_image\" \/>\n<meta name=\"twitter:label1\" content=\"Tiempo de lectura\" \/>\n\t<meta name=\"twitter:data1\" content=\"1 minuto\" \/>\n<script type=\"application\/ld+json\" class=\"yoast-schema-graph\">{\"@context\":\"https:\\\/\\\/schema.org\",\"@graph\":[{\"@type\":\"WebPage\",\"@id\":\"https:\\\/\\\/www.resibras.pt\\\/treinamento-de-seguranca\\\/\",\"url\":\"https:\\\/\\\/www.resibras.pt\\\/treinamento-de-seguranca\\\/\",\"name\":\"Forma\u00e7\u00e3o na utiliza\u00e7\u00e3o segura em diisocianatos - Resibras Website\",\"isPartOf\":{\"@id\":\"https:\\\/\\\/www.resibras.pt\\\/#website\"},\"datePublished\":\"2023-06-22T09:45:13+00:00\",\"dateModified\":\"2023-08-04T16:43:05+00:00\",\"breadcrumb\":{\"@id\":\"https:\\\/\\\/www.resibras.pt\\\/treinamento-de-seguranca\\\/#breadcrumb\"},\"inLanguage\":\"es\",\"potentialAction\":[{\"@type\":\"ReadAction\",\"target\":[\"https:\\\/\\\/www.resibras.pt\\\/treinamento-de-seguranca\\\/\"]}]},{\"@type\":\"BreadcrumbList\",\"@id\":\"https:\\\/\\\/www.resibras.pt\\\/treinamento-de-seguranca\\\/#breadcrumb\",\"itemListElement\":[{\"@type\":\"ListItem\",\"position\":1,\"name\":\"In\u00edcio\",\"item\":\"https:\\\/\\\/www.resibras.pt\\\/\"},{\"@type\":\"ListItem\",\"position\":2,\"name\":\"Forma\u00e7\u00e3o na utiliza\u00e7\u00e3o segura em diisocianatos\"}]},{\"@type\":\"WebSite\",\"@id\":\"https:\\\/\\\/www.resibras.pt\\\/#website\",\"url\":\"https:\\\/\\\/www.resibras.pt\\\/\",\"name\":\"Resibras Website\",\"description\":\"Solu\u00e7\u00f5es e Tecnologia para a Ind\u00fastria Qu\u00edmica\",\"publisher\":{\"@id\":\"https:\\\/\\\/www.resibras.pt\\\/#organization\"},\"potentialAction\":[{\"@type\":\"SearchAction\",\"target\":{\"@type\":\"EntryPoint\",\"urlTemplate\":\"https:\\\/\\\/www.resibras.pt\\\/?s={search_term_string}\"},\"query-input\":{\"@type\":\"PropertyValueSpecification\",\"valueRequired\":true,\"valueName\":\"search_term_string\"}}],\"inLanguage\":\"es\"},{\"@type\":\"Organization\",\"@id\":\"https:\\\/\\\/www.resibras.pt\\\/#organization\",\"name\":\"Resibras Website\",\"url\":\"https:\\\/\\\/www.resibras.pt\\\/\",\"logo\":{\"@type\":\"ImageObject\",\"inLanguage\":\"es\",\"@id\":\"https:\\\/\\\/www.resibras.pt\\\/#\\\/schema\\\/logo\\\/image\\\/\",\"url\":\"https:\\\/\\\/www.resibras.pt\\\/wp-content\\\/uploads\\\/2022\\\/07\\\/logo.svg\",\"contentUrl\":\"https:\\\/\\\/www.resibras.pt\\\/wp-content\\\/uploads\\\/2022\\\/07\\\/logo.svg\",\"width\":211,\"height\":36,\"caption\":\"Resibras Website\"},\"image\":{\"@id\":\"https:\\\/\\\/www.resibras.pt\\\/#\\\/schema\\\/logo\\\/image\\\/\"}}]}<\/script>\n<!-- \/ Yoast SEO plugin. -->","yoast_head_json":{"title":"Forma\u00e7\u00e3o na utiliza\u00e7\u00e3o segura em diisocianatos - Resibras Website","robots":{"index":"index","follow":"follow","max-snippet":"max-snippet:-1","max-image-preview":"max-image-preview:large","max-video-preview":"max-video-preview:-1"},"canonical":"https:\/\/www.resibras.pt\/es\/treinamento-de-seguranca\/","og_locale":"es_ES","og_type":"article","og_title":"Forma\u00e7\u00e3o na utiliza\u00e7\u00e3o segura em diisocianatos - Resibras Website","og_description":"Forma\u00e7\u00e3o na utiliza\u00e7\u00e3o segura em diisocianatos Home FORMA\u00c7\u00c3O NA UTILIZA\u00c7\u00c3O SEGURA EM DIISOCIANATOS Em 3 Agosto de 2020 foi publicado o Regulamento da Uni\u00e3o Europeia 2020\/1149, o qual determina que, ap\u00f3s 24 de Agosto de 2023 qualquer utilizador profissional ou industrial, de produtos contendo isocianatos ter\u00e1, obrigatoriamente, de ter recebido forma\u00e7\u00e3o espec\u00edfica. Para mais informa\u00e7\u00f5es [&hellip;]","og_url":"https:\/\/www.resibras.pt\/es\/treinamento-de-seguranca\/","og_site_name":"Resibras Website","article_modified_time":"2023-08-04T16:43:05+00:00","twitter_card":"summary_large_image","twitter_misc":{"Tiempo de lectura":"1 minuto"},"schema":{"@context":"https:\/\/schema.org","@graph":[{"@type":"WebPage","@id":"https:\/\/www.resibras.pt\/treinamento-de-seguranca\/","url":"https:\/\/www.resibras.pt\/treinamento-de-seguranca\/","name":"Forma\u00e7\u00e3o na utiliza\u00e7\u00e3o segura em diisocianatos - Resibras Website","isPartOf":{"@id":"https:\/\/www.resibras.pt\/#website"},"datePublished":"2023-06-22T09:45:13+00:00","dateModified":"2023-08-04T16:43:05+00:00","breadcrumb":{"@id":"https:\/\/www.resibras.pt\/treinamento-de-seguranca\/#breadcrumb"},"inLanguage":"es","potentialAction":[{"@type":"ReadAction","target":["https:\/\/www.resibras.pt\/treinamento-de-seguranca\/"]}]},{"@type":"BreadcrumbList","@id":"https:\/\/www.resibras.pt\/treinamento-de-seguranca\/#breadcrumb","itemListElement":[{"@type":"ListItem","position":1,"name":"In\u00edcio","item":"https:\/\/www.resibras.pt\/"},{"@type":"ListItem","position":2,"name":"Forma\u00e7\u00e3o na utiliza\u00e7\u00e3o segura em diisocianatos"}]},{"@type":"WebSite","@id":"https:\/\/www.resibras.pt\/#website","url":"https:\/\/www.resibras.pt\/","name":"Resibras Website","description":"Solu\u00e7\u00f5es e Tecnologia para a Ind\u00fastria Qu\u00edmica","publisher":{"@id":"https:\/\/www.resibras.pt\/#organization"},"potentialAction":[{"@type":"SearchAction","target":{"@type":"EntryPoint","urlTemplate":"https:\/\/www.resibras.pt\/?s={search_term_string}"},"query-input":{"@type":"PropertyValueSpecification","valueRequired":true,"valueName":"search_term_string"}}],"inLanguage":"es"},{"@type":"Organization","@id":"https:\/\/www.resibras.pt\/#organization","name":"Resibras Website","url":"https:\/\/www.resibras.pt\/","logo":{"@type":"ImageObject","inLanguage":"es","@id":"https:\/\/www.resibras.pt\/#\/schema\/logo\/image\/","url":"https:\/\/www.resibras.pt\/wp-content\/uploads\/2022\/07\/logo.svg","contentUrl":"https:\/\/www.resibras.pt\/wp-content\/uploads\/2022\/07\/logo.svg","width":211,"height":36,"caption":"Resibras Website"},"image":{"@id":"https:\/\/www.resibras.pt\/#\/schema\/logo\/image\/"}}]}},"_links":{"self":[{"href":"https:\/\/www.resibras.pt\/es\/wp-json\/wp\/v2\/pages\/5022","targetHints":{"allow":["GET"]}}],"collection":[{"href":"https:\/\/www.resibras.pt\/es\/wp-json\/wp\/v2\/pages"}],"about":[{"href":"https:\/\/www.resibras.pt\/es\/wp-json\/wp\/v2\/types\/page"}],"author":[{"embeddable":true,"href":"https:\/\/www.resibras.pt\/es\/wp-json\/wp\/v2\/users\/1"}],"replies":[{"embeddable":true,"href":"https:\/\/www.resibras.pt\/es\/wp-json\/wp\/v2\/comments?post=5022"}],"version-history":[{"count":10,"href":"https:\/\/www.resibras.pt\/es\/wp-json\/wp\/v2\/pages\/5022\/revisions"}],"predecessor-version":[{"id":5129,"href":"https:\/\/www.resibras.pt\/es\/wp-json\/wp\/v2\/pages\/5022\/revisions\/5129"}],"wp:attachment":[{"href":"https:\/\/www.resibras.pt\/es\/wp-json\/wp\/v2\/media?parent=5022"}],"curies":[{"name":"wp","href":"https:\/\/api.w.org\/{rel}","templated":true}]}}