{"id":4750,"date":"2023-02-09T11:36:03","date_gmt":"2023-02-09T11:36:03","guid":{"rendered":"https:\/\/resibras.pt\/?page_id=4750"},"modified":"2024-01-25T17:51:09","modified_gmt":"2024-01-25T17:51:09","slug":"iso-9001-iqne","status":"publish","type":"page","link":"https:\/\/www.resibras.pt\/es\/certificados\/iso-9001-iqne\/","title":{"rendered":"ISO 9001 IQNET"},"content":{"rendered":"<div data-elementor-type=\"wp-page\" data-elementor-id=\"4750\" class=\"elementor elementor-4750\">\n\t\t\t\t\t\t<section class=\"elementor-section elementor-top-section elementor-element elementor-element-a75ec5e elementor-section-boxed elementor-section-height-default elementor-section-height-default\" data-id=\"a75ec5e\" data-element_type=\"section\" data-e-type=\"section\" data-settings=\"{&quot;jet_parallax_layout_list&quot;:[]}\">\n\t\t\t\t\t\t<div class=\"elementor-container elementor-column-gap-default\">\n\t\t\t\t\t<div class=\"elementor-column elementor-col-100 elementor-top-column elementor-element elementor-element-a9d4171\" data-id=\"a9d4171\" data-element_type=\"column\" data-e-type=\"column\">\n\t\t\t<div class=\"elementor-widget-wrap elementor-element-populated\">\n\t\t\t\t\t\t<div class=\"elementor-element elementor-element-d55f421 elementor-widget elementor-widget-heading\" data-id=\"d55f421\" data-element_type=\"widget\" data-e-type=\"widget\" data-widget_type=\"heading.default\">\n\t\t\t\t<div class=\"elementor-widget-container\">\n\t\t\t\t\t<h3 class=\"elementor-heading-title elementor-size-default\">ISO 9001 IQNET<\/h3>\t\t\t\t<\/div>\n\t\t\t\t<\/div>\n\t\t\t\t\t<\/div>\n\t\t<\/div>\n\t\t\t\t\t<\/div>\n\t\t<\/section>\n\t\t\t\t<\/div>","protected":false},"excerpt":{"rendered":"","protected":false},"author":1,"featured_media":0,"parent":4488,"menu_order":0,"comment_status":"closed","ping_status":"closed","template":"elementor_header_footer","meta":{"_acf_changed":false,"footnotes":""},"class_list":["post-4750","page","type-page","status-publish","hentry"],"acf":[],"yoast_head":"<!-- This site is optimized with the Yoast SEO plugin v27.5 - https:\/\/yoast.com\/product\/yoast-seo-wordpress\/ -->\n<title>ISO 9001 IQNET - Resibras Website<\/title>\n<meta name=\"robots\" content=\"index, follow, max-snippet:-1, max-image-preview:large, max-video-preview:-1\" \/>\n<link rel=\"canonical\" href=\"https:\/\/www.resibras.pt\/es\/certificados\/iso-9001-iqne\/\" \/>\n<meta property=\"og:locale\" content=\"es_ES\" \/>\n<meta property=\"og:type\" content=\"article\" \/>\n<meta property=\"og:title\" content=\"ISO 9001 IQNET - Resibras Website\" \/>\n<meta property=\"og:url\" content=\"https:\/\/www.resibras.pt\/es\/certificados\/iso-9001-iqne\/\" \/>\n<meta property=\"og:site_name\" content=\"Resibras Website\" \/>\n<meta property=\"article:modified_time\" content=\"2024-01-25T17:51:09+00:00\" \/>\n<meta name=\"twitter:card\" content=\"summary_large_image\" \/>\n<meta name=\"twitter:label1\" content=\"Tiempo de lectura\" \/>\n\t<meta name=\"twitter:data1\" content=\"1 minuto\" \/>\n<script type=\"application\/ld+json\" class=\"yoast-schema-graph\">{\"@context\":\"https:\\\/\\\/schema.org\",\"@graph\":[{\"@type\":\"WebPage\",\"@id\":\"https:\\\/\\\/www.resibras.pt\\\/certificados\\\/iso-9001-iqne\\\/\",\"url\":\"https:\\\/\\\/www.resibras.pt\\\/certificados\\\/iso-9001-iqne\\\/\",\"name\":\"ISO 9001 IQNET - Resibras Website\",\"isPartOf\":{\"@id\":\"https:\\\/\\\/www.resibras.pt\\\/#website\"},\"datePublished\":\"2023-02-09T11:36:03+00:00\",\"dateModified\":\"2024-01-25T17:51:09+00:00\",\"breadcrumb\":{\"@id\":\"https:\\\/\\\/www.resibras.pt\\\/certificados\\\/iso-9001-iqne\\\/#breadcrumb\"},\"inLanguage\":\"es\",\"potentialAction\":[{\"@type\":\"ReadAction\",\"target\":[\"https:\\\/\\\/www.resibras.pt\\\/certificados\\\/iso-9001-iqne\\\/\"]}]},{\"@type\":\"BreadcrumbList\",\"@id\":\"https:\\\/\\\/www.resibras.pt\\\/certificados\\\/iso-9001-iqne\\\/#breadcrumb\",\"itemListElement\":[{\"@type\":\"ListItem\",\"position\":1,\"name\":\"In\u00edcio\",\"item\":\"https:\\\/\\\/www.resibras.pt\\\/\"},{\"@type\":\"ListItem\",\"position\":2,\"name\":\"Certificados\",\"item\":\"https:\\\/\\\/www.resibras.pt\\\/certificados\\\/\"},{\"@type\":\"ListItem\",\"position\":3,\"name\":\"ISO 9001 IQNET\"}]},{\"@type\":\"WebSite\",\"@id\":\"https:\\\/\\\/www.resibras.pt\\\/#website\",\"url\":\"https:\\\/\\\/www.resibras.pt\\\/\",\"name\":\"Resibras Website\",\"description\":\"Solu\u00e7\u00f5es e Tecnologia para a Ind\u00fastria Qu\u00edmica\",\"publisher\":{\"@id\":\"https:\\\/\\\/www.resibras.pt\\\/#organization\"},\"potentialAction\":[{\"@type\":\"SearchAction\",\"target\":{\"@type\":\"EntryPoint\",\"urlTemplate\":\"https:\\\/\\\/www.resibras.pt\\\/?s={search_term_string}\"},\"query-input\":{\"@type\":\"PropertyValueSpecification\",\"valueRequired\":true,\"valueName\":\"search_term_string\"}}],\"inLanguage\":\"es\"},{\"@type\":\"Organization\",\"@id\":\"https:\\\/\\\/www.resibras.pt\\\/#organization\",\"name\":\"Resibras Website\",\"url\":\"https:\\\/\\\/www.resibras.pt\\\/\",\"logo\":{\"@type\":\"ImageObject\",\"inLanguage\":\"es\",\"@id\":\"https:\\\/\\\/www.resibras.pt\\\/#\\\/schema\\\/logo\\\/image\\\/\",\"url\":\"https:\\\/\\\/www.resibras.pt\\\/wp-content\\\/uploads\\\/2022\\\/07\\\/logo.svg\",\"contentUrl\":\"https:\\\/\\\/www.resibras.pt\\\/wp-content\\\/uploads\\\/2022\\\/07\\\/logo.svg\",\"width\":211,\"height\":36,\"caption\":\"Resibras Website\"},\"image\":{\"@id\":\"https:\\\/\\\/www.resibras.pt\\\/#\\\/schema\\\/logo\\\/image\\\/\"}}]}<\/script>\n<!-- \/ Yoast SEO plugin. -->","yoast_head_json":{"title":"ISO 9001 IQNET - Resibras Website","robots":{"index":"index","follow":"follow","max-snippet":"max-snippet:-1","max-image-preview":"max-image-preview:large","max-video-preview":"max-video-preview:-1"},"canonical":"https:\/\/www.resibras.pt\/es\/certificados\/iso-9001-iqne\/","og_locale":"es_ES","og_type":"article","og_title":"ISO 9001 IQNET - Resibras Website","og_url":"https:\/\/www.resibras.pt\/es\/certificados\/iso-9001-iqne\/","og_site_name":"Resibras Website","article_modified_time":"2024-01-25T17:51:09+00:00","twitter_card":"summary_large_image","twitter_misc":{"Tiempo de lectura":"1 minuto"},"schema":{"@context":"https:\/\/schema.org","@graph":[{"@type":"WebPage","@id":"https:\/\/www.resibras.pt\/certificados\/iso-9001-iqne\/","url":"https:\/\/www.resibras.pt\/certificados\/iso-9001-iqne\/","name":"ISO 9001 IQNET - Resibras Website","isPartOf":{"@id":"https:\/\/www.resibras.pt\/#website"},"datePublished":"2023-02-09T11:36:03+00:00","dateModified":"2024-01-25T17:51:09+00:00","breadcrumb":{"@id":"https:\/\/www.resibras.pt\/certificados\/iso-9001-iqne\/#breadcrumb"},"inLanguage":"es","potentialAction":[{"@type":"ReadAction","target":["https:\/\/www.resibras.pt\/certificados\/iso-9001-iqne\/"]}]},{"@type":"BreadcrumbList","@id":"https:\/\/www.resibras.pt\/certificados\/iso-9001-iqne\/#breadcrumb","itemListElement":[{"@type":"ListItem","position":1,"name":"In\u00edcio","item":"https:\/\/www.resibras.pt\/"},{"@type":"ListItem","position":2,"name":"Certificados","item":"https:\/\/www.resibras.pt\/certificados\/"},{"@type":"ListItem","position":3,"name":"ISO 9001 IQNET"}]},{"@type":"WebSite","@id":"https:\/\/www.resibras.pt\/#website","url":"https:\/\/www.resibras.pt\/","name":"Resibras Website","description":"Solu\u00e7\u00f5es e Tecnologia para a Ind\u00fastria Qu\u00edmica","publisher":{"@id":"https:\/\/www.resibras.pt\/#organization"},"potentialAction":[{"@type":"SearchAction","target":{"@type":"EntryPoint","urlTemplate":"https:\/\/www.resibras.pt\/?s={search_term_string}"},"query-input":{"@type":"PropertyValueSpecification","valueRequired":true,"valueName":"search_term_string"}}],"inLanguage":"es"},{"@type":"Organization","@id":"https:\/\/www.resibras.pt\/#organization","name":"Resibras Website","url":"https:\/\/www.resibras.pt\/","logo":{"@type":"ImageObject","inLanguage":"es","@id":"https:\/\/www.resibras.pt\/#\/schema\/logo\/image\/","url":"https:\/\/www.resibras.pt\/wp-content\/uploads\/2022\/07\/logo.svg","contentUrl":"https:\/\/www.resibras.pt\/wp-content\/uploads\/2022\/07\/logo.svg","width":211,"height":36,"caption":"Resibras Website"},"image":{"@id":"https:\/\/www.resibras.pt\/#\/schema\/logo\/image\/"}}]}},"_links":{"self":[{"href":"https:\/\/www.resibras.pt\/es\/wp-json\/wp\/v2\/pages\/4750","targetHints":{"allow":["GET"]}}],"collection":[{"href":"https:\/\/www.resibras.pt\/es\/wp-json\/wp\/v2\/pages"}],"about":[{"href":"https:\/\/www.resibras.pt\/es\/wp-json\/wp\/v2\/types\/page"}],"author":[{"embeddable":true,"href":"https:\/\/www.resibras.pt\/es\/wp-json\/wp\/v2\/users\/1"}],"replies":[{"embeddable":true,"href":"https:\/\/www.resibras.pt\/es\/wp-json\/wp\/v2\/comments?post=4750"}],"version-history":[{"count":8,"href":"https:\/\/www.resibras.pt\/es\/wp-json\/wp\/v2\/pages\/4750\/revisions"}],"predecessor-version":[{"id":5240,"href":"https:\/\/www.resibras.pt\/es\/wp-json\/wp\/v2\/pages\/4750\/revisions\/5240"}],"up":[{"embeddable":true,"href":"https:\/\/www.resibras.pt\/es\/wp-json\/wp\/v2\/pages\/4488"}],"wp:attachment":[{"href":"https:\/\/www.resibras.pt\/es\/wp-json\/wp\/v2\/media?parent=4750"}],"curies":[{"name":"wp","href":"https:\/\/api.w.org\/{rel}","templated":true}]}}