{"id":4488,"date":"2023-01-27T16:03:53","date_gmt":"2023-01-27T16:03:53","guid":{"rendered":"https:\/\/resibras.pt\/?page_id=4488"},"modified":"2023-02-09T11:25:16","modified_gmt":"2023-02-09T11:25:16","slug":"certificados","status":"publish","type":"page","link":"https:\/\/www.resibras.pt\/es\/certificados\/","title":{"rendered":"Certificados"},"content":{"rendered":"\t\t<div data-elementor-type=\"wp-page\" data-elementor-id=\"4488\" class=\"elementor elementor-4488\">\n\t\t\t\t\t\t<section class=\"elementor-section elementor-top-section elementor-element elementor-element-13c9cbe elementor-section-height-min-height elementor-section-items-stretch elementor-section-content-middle elementor-section-boxed elementor-section-height-default\" data-id=\"13c9cbe\" data-element_type=\"section\" data-e-type=\"section\" data-settings=\"{&quot;jet_parallax_layout_list&quot;:[{&quot;jet_parallax_layout_image&quot;:{&quot;url&quot;:&quot;&quot;,&quot;id&quot;:&quot;&quot;,&quot;size&quot;:&quot;&quot;},&quot;_id&quot;:&quot;c5f1fd7&quot;,&quot;jet_parallax_layout_speed&quot;:{&quot;unit&quot;:&quot;%&quot;,&quot;size&quot;:&quot;50&quot;,&quot;sizes&quot;:[]},&quot;jet_parallax_layout_bg_x&quot;:&quot;50&quot;,&quot;jet_parallax_layout_bg_y&quot;:&quot;50&quot;,&quot;jet_parallax_layout_image_tablet&quot;:{&quot;url&quot;:&quot;&quot;,&quot;id&quot;:&quot;&quot;,&quot;size&quot;:&quot;&quot;},&quot;jet_parallax_layout_image_mobile&quot;:{&quot;url&quot;:&quot;&quot;,&quot;id&quot;:&quot;&quot;,&quot;size&quot;:&quot;&quot;},&quot;jet_parallax_layout_type&quot;:&quot;scroll&quot;,&quot;jet_parallax_layout_direction&quot;:null,&quot;jet_parallax_layout_fx_direction&quot;:null,&quot;jet_parallax_layout_z_index&quot;:&quot;&quot;,&quot;jet_parallax_layout_bg_x_tablet&quot;:&quot;&quot;,&quot;jet_parallax_layout_bg_x_mobile&quot;:&quot;&quot;,&quot;jet_parallax_layout_bg_y_tablet&quot;:&quot;&quot;,&quot;jet_parallax_layout_bg_y_mobile&quot;:&quot;&quot;,&quot;jet_parallax_layout_bg_size&quot;:&quot;auto&quot;,&quot;jet_parallax_layout_bg_size_tablet&quot;:&quot;&quot;,&quot;jet_parallax_layout_bg_size_mobile&quot;:&quot;&quot;,&quot;jet_parallax_layout_animation_prop&quot;:&quot;transform&quot;,&quot;jet_parallax_layout_on&quot;:[&quot;desktop&quot;,&quot;tablet&quot;]}],&quot;background_background&quot;:&quot;classic&quot;}\">\n\t\t\t\t\t\t\t<div class=\"elementor-background-overlay\"><\/div>\n\t\t\t\t\t\t\t<div class=\"elementor-container elementor-column-gap-default\">\n\t\t\t\t\t<div class=\"elementor-column elementor-col-100 elementor-top-column elementor-element elementor-element-8d6754e\" data-id=\"8d6754e\" data-element_type=\"column\" data-e-type=\"column\">\n\t\t\t<div class=\"elementor-widget-wrap elementor-element-populated\">\n\t\t\t\t\t\t<div class=\"elementor-element elementor-element-60eb139e elementor-mobile-align-center elementor-align-left elementor-widget elementor-widget-raven-heading\" data-id=\"60eb139e\" data-element_type=\"widget\" data-e-type=\"widget\" data-widget_type=\"raven-heading.default\">\n\t\t\t\t<div class=\"elementor-widget-container\">\n\t\t\t\t\t\t\t<div class=\"raven-widget-wrapper\"><h1 class=\"raven-heading raven-heading-h1\"><span class=\"raven-heading-title \">Certificados<\/span><\/h1><\/div>\n\t\t\t\t\t\t<\/div>\n\t\t\t\t<\/div>\n\t\t\t\t<div class=\"elementor-element elementor-element-1d5c1a17 elementor-mobile-align-center elementor-align-left elementor-widget elementor-widget-raven-breadcrumbs\" data-id=\"1d5c1a17\" data-element_type=\"widget\" data-e-type=\"widget\" data-widget_type=\"raven-breadcrumbs.default\">\n\t\t\t\t<div class=\"elementor-widget-container\">\n\t\t\t\t\t<div class=\"raven-breadcrumbs raven-breadcrumbs-default\"><div class=\"breadcrumb\">\t\t\t\t\t\t\t\t<div class=\"breadcrumb-item active\" aria-current=\"page\"><span>Home<\/span><\/div>\n\n\t\t\t\t<\/div><\/div>\t\t\t\t<\/div>\n\t\t\t\t<\/div>\n\t\t\t\t\t<\/div>\n\t\t<\/div>\n\t\t\t\t\t<\/div>\n\t\t<\/section>\n\t\t\t\t<section class=\"elementor-section elementor-top-section elementor-element elementor-element-a76ee9c elementor-section-boxed elementor-section-height-default elementor-section-height-default\" data-id=\"a76ee9c\" data-element_type=\"section\" data-e-type=\"section\" data-settings=\"{&quot;jet_parallax_layout_list&quot;:[]}\">\n\t\t\t\t\t\t<div class=\"elementor-container elementor-column-gap-default\">\n\t\t\t\t\t<div class=\"elementor-column elementor-col-100 elementor-top-column elementor-element elementor-element-43ad16d\" data-id=\"43ad16d\" data-element_type=\"column\" data-e-type=\"column\">\n\t\t\t<div class=\"elementor-widget-wrap elementor-element-populated\">\n\t\t\t\t\t\t<div class=\"elementor-element elementor-element-f8e59a3 elementor-widget elementor-widget-jet-table\" data-id=\"f8e59a3\" data-element_type=\"widget\" data-e-type=\"widget\" data-widget_type=\"jet-table.default\">\n\t\t\t\t<div class=\"elementor-widget-container\">\n\t\t\t\t\t<div class=\"elementor-jet-table jet-elements\">\n\t\t<div class=\"jet-table-wrapper jet-table-responsive-mobile\">\n\t\t\t<table class=\"jet-table jet-table--fa5-compat\">\n\t\t\t\t<thead class=\"jet-table__head\"><tr class=\"jet-table__head-row\"><th class=\"jet-table__cell elementor-repeater-item-e9ba0df jet-table__head-cell\" scope=\"col\"><div class=\"jet-table__cell-inner\"><div class=\"jet-table__cell-content\"><div class=\"jet-table__cell-text\">Certifica\u00e7\u00f5es<\/div><\/div><\/div><\/th><th class=\"jet-table__cell elementor-repeater-item-09e5686 jet-table__head-cell\" scope=\"col\"><div class=\"jet-table__cell-inner\"><div class=\"jet-table__cell-content\"><\/div><\/div><\/th><th class=\"jet-table__cell elementor-repeater-item-c4f2af7 jet-table__head-cell\" scope=\"col\"><div class=\"jet-table__cell-inner\"><div class=\"jet-table__cell-content\"><\/div><\/div><\/th><\/tr><\/thead>\n\t\t\t\t\t\t\t\t<tbody class=\"jet-table__body\"><tr class=\"jet-table__body-row elementor-repeater-item-b22e78d\"><td class=\"jet-table__cell elementor-repeater-item-0e442cf jet-table__body-cell\"><div class=\"jet-table__cell-inner\"><div class=\"jet-table__cell-content\"><span class=\"jet-elements-icon jet-table__cell-icon jet-table__cell-icon--before\"><i aria-hidden=\"true\" class=\"far fa-file\"><\/i><\/span><div class=\"jet-table__cell-text\">CIVC  BIOCOL BS 1304 CA068 <\/div><\/div><\/div><\/td><td class=\"jet-table__cell elementor-repeater-item-48faf93 jet-table__body-cell\"><div class=\"jet-table__cell-inner\"><div class=\"jet-table__cell-content\"><div class=\"jet-table__cell-text\">12 10 2021<\/div><\/div><\/div><\/td><td class=\"jet-table__cell elementor-repeater-item-280c53b jet-table__body-cell\"><a class=\"jet-table__cell-inner jet-table__cell-link\" href=\"\/certificados\/civc-biocol-bs-1304-ca068\/\" target=\"_blank\"><div class=\"jet-table__cell-content\"><div class=\"jet-table__cell-text\">Visualizar<\/div><\/div><\/a><\/td><\/tr><tr class=\"jet-table__body-row elementor-repeater-item-bdea245\"><td class=\"jet-table__cell elementor-repeater-item-33b0546 jet-table__body-cell\"><div class=\"jet-table__cell-inner\"><div class=\"jet-table__cell-content\"><span class=\"jet-elements-icon jet-table__cell-icon jet-table__cell-icon--before\"><i aria-hidden=\"true\" class=\"far fa-file\"><\/i><\/span><div class=\"jet-table__cell-text\">CIVC BIOCOL BS 3010 CA67 <\/div><\/div><\/div><\/td><td class=\"jet-table__cell elementor-repeater-item-eaaeba6 jet-table__body-cell\"><div class=\"jet-table__cell-inner\"><div class=\"jet-table__cell-content\"><div class=\"jet-table__cell-text\">02 04 2021<\/div><\/div><\/div><\/td><td class=\"jet-table__cell elementor-repeater-item-cb300f4 jet-table__body-cell\"><a class=\"jet-table__cell-inner jet-table__cell-link\" href=\"\/certificados\/civc-biocol-bs-3010-ca67\/\" target=\"_blank\"><div class=\"jet-table__cell-content\"><div class=\"jet-table__cell-text\">Visualizar<\/div><\/div><\/a><\/td><\/tr><tr class=\"jet-table__body-row elementor-repeater-item-447b521\"><td class=\"jet-table__cell elementor-repeater-item-dcd37fc jet-table__body-cell\"><div class=\"jet-table__cell-inner\"><div class=\"jet-table__cell-content\"><span class=\"jet-elements-icon jet-table__cell-icon jet-table__cell-icon--before\"><i aria-hidden=\"true\" class=\"far fa-file\"><\/i><\/span><div class=\"jet-table__cell-text\">CIVC Biocol BS30 Attestation CA010 <\/div><\/div><\/div><\/td><td class=\"jet-table__cell elementor-repeater-item-e54e53a jet-table__body-cell\"><div class=\"jet-table__cell-inner\"><div class=\"jet-table__cell-content\"><div class=\"jet-table__cell-text\">29 01 2021<\/div><\/div><\/div><\/td><td class=\"jet-table__cell elementor-repeater-item-7a1ce40 jet-table__body-cell\"><a class=\"jet-table__cell-inner jet-table__cell-link\" href=\"\/certificados\/civc-biocol-bs30-attestation-ca010\/\" target=\"_blank\"><div class=\"jet-table__cell-content\"><div class=\"jet-table__cell-text\">Visualizar<\/div><\/div><\/a><\/td><\/tr><tr class=\"jet-table__body-row elementor-repeater-item-962bde7\"><td class=\"jet-table__cell elementor-repeater-item-6643571 jet-table__body-cell\"><div class=\"jet-table__cell-inner\"><div class=\"jet-table__cell-content\"><span class=\"jet-elements-icon jet-table__cell-icon jet-table__cell-icon--before\"><i aria-hidden=\"true\" class=\"far fa-file\"><\/i><\/span><div class=\"jet-table__cell-text\">CIVC Biocol BS32 Attestation CA042 <\/div><\/div><\/div><\/td><td class=\"jet-table__cell elementor-repeater-item-3f43670 jet-table__body-cell\"><div class=\"jet-table__cell-inner\"><div class=\"jet-table__cell-content\"><div class=\"jet-table__cell-text\">29 01 2021<\/div><\/div><\/div><\/td><td class=\"jet-table__cell elementor-repeater-item-fd8cd4e jet-table__body-cell\"><a class=\"jet-table__cell-inner jet-table__cell-link\" href=\"\/certificados\/civc-biocol-bs32-attestation-ca042\/\" target=\"_blank\"><div class=\"jet-table__cell-content\"><div class=\"jet-table__cell-text\">Visualizar<\/div><\/div><\/a><\/td><\/tr><tr class=\"jet-table__body-row elementor-repeater-item-df74037\"><td class=\"jet-table__cell elementor-repeater-item-66dea6e jet-table__body-cell\"><div class=\"jet-table__cell-inner\"><div class=\"jet-table__cell-content\"><span class=\"jet-elements-icon jet-table__cell-icon jet-table__cell-icon--before\"><i aria-hidden=\"true\" class=\"far fa-file\"><\/i><\/span><div class=\"jet-table__cell-text\">CIVC CA65 BIOCOL BS 2571<\/div><\/div><\/div><\/td><td class=\"jet-table__cell elementor-repeater-item-3c28142 jet-table__body-cell\"><div class=\"jet-table__cell-inner\"><div class=\"jet-table__cell-content\"><div class=\"jet-table__cell-text\"> 03 10 2019<\/div><\/div><\/div><\/td><td class=\"jet-table__cell elementor-repeater-item-870f3a7 jet-table__body-cell\"><a class=\"jet-table__cell-inner jet-table__cell-link\" href=\"\/certificados\/civc-ca65-biocol-bs-2571\/\" target=\"_blank\"><div class=\"jet-table__cell-content\"><div class=\"jet-table__cell-text\">Visualizar<\/div><\/div><\/a><\/td><\/tr><tr class=\"jet-table__body-row elementor-repeater-item-14d8883\"><td class=\"jet-table__cell elementor-repeater-item-74b9ed9 jet-table__body-cell\"><div class=\"jet-table__cell-inner\"><div class=\"jet-table__cell-content\"><span class=\"jet-elements-icon jet-table__cell-icon jet-table__cell-icon--before\"><i aria-hidden=\"true\" class=\"far fa-file\"><\/i><\/span><div class=\"jet-table__cell-text\">CIVC BS28 20052019_2 CR23<\/div><\/div><\/div><\/td><td class=\"jet-table__cell elementor-repeater-item-f438dc4 jet-table__body-cell\"><div class=\"jet-table__cell-inner\"><div class=\"jet-table__cell-content\"><div class=\"jet-table__cell-text\">20 05 2019<\/div><\/div><\/div><\/td><td class=\"jet-table__cell elementor-repeater-item-08dab0d jet-table__body-cell\"><a class=\"jet-table__cell-inner jet-table__cell-link\" href=\"\/certificados\/civc-bs28-20052019_2-cr23\/\" target=\"_blank\"><div class=\"jet-table__cell-content\"><div class=\"jet-table__cell-text\">Visualizar<\/div><\/div><\/a><\/td><\/tr><tr class=\"jet-table__body-row elementor-repeater-item-75ca837\"><td class=\"jet-table__cell elementor-repeater-item-d6ffd8d jet-table__body-cell\"><div class=\"jet-table__cell-inner\"><div class=\"jet-table__cell-content\"><span class=\"jet-elements-icon jet-table__cell-icon jet-table__cell-icon--before\"><i aria-hidden=\"true\" class=\"far fa-file\"><\/i><\/span><div class=\"jet-table__cell-text\">CA44 (RESIBRAS BIOCOL BS41 OB) FORM 5<\/div><\/div><\/div><\/td><td class=\"jet-table__cell elementor-repeater-item-06b3f67 jet-table__body-cell\"><div class=\"jet-table__cell-inner\"><div class=\"jet-table__cell-content\"><div class=\"jet-table__cell-text\">01 02 2019<\/div><\/div><\/div><\/td><td class=\"jet-table__cell elementor-repeater-item-b0329b5 jet-table__body-cell\"><a class=\"jet-table__cell-inner jet-table__cell-link\" href=\"\/certificados\/ca44-resibras-biocol-bs41-ob-form-5\/\" target=\"_blank\"><div class=\"jet-table__cell-content\"><div class=\"jet-table__cell-text\">Visualizar<\/div><\/div><\/a><\/td><\/tr><tr class=\"jet-table__body-row elementor-repeater-item-c4f483b\"><td class=\"jet-table__cell elementor-repeater-item-1fbb4c1 jet-table__body-cell\"><div class=\"jet-table__cell-inner\"><div class=\"jet-table__cell-content\"><span class=\"jet-elements-icon jet-table__cell-icon jet-table__cell-icon--before\"><i aria-hidden=\"true\" class=\"far fa-file\"><\/i><\/span><div class=\"jet-table__cell-text\">CA63 (BIOCOL BS4302C) FORM 5<\/div><\/div><\/div><\/td><td class=\"jet-table__cell elementor-repeater-item-6fbc075 jet-table__body-cell\"><div class=\"jet-table__cell-inner\"><div class=\"jet-table__cell-content\"><div class=\"jet-table__cell-text\">01 06 2018<\/div><\/div><\/div><\/td><td class=\"jet-table__cell elementor-repeater-item-d4e631b jet-table__body-cell\"><a class=\"jet-table__cell-inner jet-table__cell-link\" href=\"\/certificados\/ca63-biocol-bs4302c-form-5\/\" target=\"_blank\"><div class=\"jet-table__cell-content\"><div class=\"jet-table__cell-text\">Visualizar<\/div><\/div><\/a><\/td><\/tr><tr class=\"jet-table__body-row elementor-repeater-item-5e7ab91\"><td class=\"jet-table__cell elementor-repeater-item-0e038d1 jet-table__body-cell\"><div class=\"jet-table__cell-inner\"><div class=\"jet-table__cell-content\"><span class=\"jet-elements-icon jet-table__cell-icon jet-table__cell-icon--before\"><i aria-hidden=\"true\" class=\"far fa-file\"><\/i><\/span><div class=\"jet-table__cell-text\">CA64 (BIOCOL BS41D) FORM 5<\/div><\/div><\/div><\/td><td class=\"jet-table__cell elementor-repeater-item-58367a6 jet-table__body-cell\"><div class=\"jet-table__cell-inner\"><div class=\"jet-table__cell-content\"><div class=\"jet-table__cell-text\">01 06 2018<\/div><\/div><\/div><\/td><td class=\"jet-table__cell elementor-repeater-item-cafb6aa jet-table__body-cell\"><a class=\"jet-table__cell-inner jet-table__cell-link\" href=\"\/certificados\/ca64-biocol-bs41d-form-5\/\" target=\"_blank\"><div class=\"jet-table__cell-content\"><div class=\"jet-table__cell-text\">Visualizar<\/div><\/div><\/a><\/td><\/tr><\/tbody>\n\t\t\t<\/table>\n\t\t<\/div>\n\n\t\t<\/div>\t\t\t\t<\/div>\n\t\t\t\t<\/div>\n\t\t\t\t\t<\/div>\n\t\t<\/div>\n\t\t\t\t\t<\/div>\n\t\t<\/section>\n\t\t\t\t<\/div>\n\t\t","protected":false},"excerpt":{"rendered":"<p>Certificados Home Certifica\u00e7\u00f5es CIVC BIOCOL BS 1304 CA068 12 10 2021 Visualizar CIVC BIOCOL BS 3010 CA67 02 04 2021 Visualizar CIVC Biocol BS30 Attestation CA010 29 01 2021 Visualizar CIVC Biocol BS32 Attestation CA042 29 01 2021 Visualizar CIVC CA65 BIOCOL BS 2571 03 10 2019 Visualizar CIVC BS28 20052019_2 CR23 20 05 2019 [&hellip;]<\/p>\n","protected":false},"author":1,"featured_media":0,"parent":0,"menu_order":0,"comment_status":"closed","ping_status":"closed","template":"elementor_header_footer","meta":{"_acf_changed":false,"footnotes":""},"class_list":["post-4488","page","type-page","status-publish","hentry"],"acf":[],"yoast_head":"<!-- This site is optimized with the Yoast SEO plugin v27.5 - https:\/\/yoast.com\/product\/yoast-seo-wordpress\/ -->\n<title>Certificados - Resibras Website<\/title>\n<meta name=\"robots\" content=\"index, follow, max-snippet:-1, max-image-preview:large, max-video-preview:-1\" \/>\n<link rel=\"canonical\" href=\"https:\/\/www.resibras.pt\/es\/certificados\/\" \/>\n<meta property=\"og:locale\" content=\"es_ES\" \/>\n<meta property=\"og:type\" content=\"article\" \/>\n<meta property=\"og:title\" content=\"Certificados - Resibras Website\" \/>\n<meta property=\"og:description\" content=\"Certificados Home Certifica\u00e7\u00f5es CIVC BIOCOL BS 1304 CA068 12 10 2021 Visualizar CIVC BIOCOL BS 3010 CA67 02 04 2021 Visualizar CIVC Biocol BS30 Attestation CA010 29 01 2021 Visualizar CIVC Biocol BS32 Attestation CA042 29 01 2021 Visualizar CIVC CA65 BIOCOL BS 2571 03 10 2019 Visualizar CIVC BS28 20052019_2 CR23 20 05 2019 [&hellip;]\" \/>\n<meta property=\"og:url\" content=\"https:\/\/www.resibras.pt\/es\/certificados\/\" \/>\n<meta property=\"og:site_name\" content=\"Resibras Website\" \/>\n<meta property=\"article:modified_time\" content=\"2023-02-09T11:25:16+00:00\" \/>\n<meta name=\"twitter:card\" content=\"summary_large_image\" \/>\n<meta name=\"twitter:label1\" content=\"Tiempo de lectura\" \/>\n\t<meta name=\"twitter:data1\" content=\"1 minuto\" \/>\n<script type=\"application\/ld+json\" class=\"yoast-schema-graph\">{\"@context\":\"https:\\\/\\\/schema.org\",\"@graph\":[{\"@type\":\"WebPage\",\"@id\":\"https:\\\/\\\/www.resibras.pt\\\/certificados\\\/\",\"url\":\"https:\\\/\\\/www.resibras.pt\\\/certificados\\\/\",\"name\":\"Certificados - Resibras Website\",\"isPartOf\":{\"@id\":\"https:\\\/\\\/www.resibras.pt\\\/#website\"},\"datePublished\":\"2023-01-27T16:03:53+00:00\",\"dateModified\":\"2023-02-09T11:25:16+00:00\",\"breadcrumb\":{\"@id\":\"https:\\\/\\\/www.resibras.pt\\\/certificados\\\/#breadcrumb\"},\"inLanguage\":\"es\",\"potentialAction\":[{\"@type\":\"ReadAction\",\"target\":[\"https:\\\/\\\/www.resibras.pt\\\/certificados\\\/\"]}]},{\"@type\":\"BreadcrumbList\",\"@id\":\"https:\\\/\\\/www.resibras.pt\\\/certificados\\\/#breadcrumb\",\"itemListElement\":[{\"@type\":\"ListItem\",\"position\":1,\"name\":\"In\u00edcio\",\"item\":\"https:\\\/\\\/www.resibras.pt\\\/\"},{\"@type\":\"ListItem\",\"position\":2,\"name\":\"Certificados\"}]},{\"@type\":\"WebSite\",\"@id\":\"https:\\\/\\\/www.resibras.pt\\\/#website\",\"url\":\"https:\\\/\\\/www.resibras.pt\\\/\",\"name\":\"Resibras Website\",\"description\":\"Solu\u00e7\u00f5es e Tecnologia para a Ind\u00fastria Qu\u00edmica\",\"publisher\":{\"@id\":\"https:\\\/\\\/www.resibras.pt\\\/#organization\"},\"potentialAction\":[{\"@type\":\"SearchAction\",\"target\":{\"@type\":\"EntryPoint\",\"urlTemplate\":\"https:\\\/\\\/www.resibras.pt\\\/?s={search_term_string}\"},\"query-input\":{\"@type\":\"PropertyValueSpecification\",\"valueRequired\":true,\"valueName\":\"search_term_string\"}}],\"inLanguage\":\"es\"},{\"@type\":\"Organization\",\"@id\":\"https:\\\/\\\/www.resibras.pt\\\/#organization\",\"name\":\"Resibras Website\",\"url\":\"https:\\\/\\\/www.resibras.pt\\\/\",\"logo\":{\"@type\":\"ImageObject\",\"inLanguage\":\"es\",\"@id\":\"https:\\\/\\\/www.resibras.pt\\\/#\\\/schema\\\/logo\\\/image\\\/\",\"url\":\"https:\\\/\\\/www.resibras.pt\\\/wp-content\\\/uploads\\\/2022\\\/07\\\/logo.svg\",\"contentUrl\":\"https:\\\/\\\/www.resibras.pt\\\/wp-content\\\/uploads\\\/2022\\\/07\\\/logo.svg\",\"width\":211,\"height\":36,\"caption\":\"Resibras Website\"},\"image\":{\"@id\":\"https:\\\/\\\/www.resibras.pt\\\/#\\\/schema\\\/logo\\\/image\\\/\"}}]}<\/script>\n<!-- \/ Yoast SEO plugin. -->","yoast_head_json":{"title":"Certificados - Resibras Website","robots":{"index":"index","follow":"follow","max-snippet":"max-snippet:-1","max-image-preview":"max-image-preview:large","max-video-preview":"max-video-preview:-1"},"canonical":"https:\/\/www.resibras.pt\/es\/certificados\/","og_locale":"es_ES","og_type":"article","og_title":"Certificados - Resibras Website","og_description":"Certificados Home Certifica\u00e7\u00f5es CIVC BIOCOL BS 1304 CA068 12 10 2021 Visualizar CIVC BIOCOL BS 3010 CA67 02 04 2021 Visualizar CIVC Biocol BS30 Attestation CA010 29 01 2021 Visualizar CIVC Biocol BS32 Attestation CA042 29 01 2021 Visualizar CIVC CA65 BIOCOL BS 2571 03 10 2019 Visualizar CIVC BS28 20052019_2 CR23 20 05 2019 [&hellip;]","og_url":"https:\/\/www.resibras.pt\/es\/certificados\/","og_site_name":"Resibras Website","article_modified_time":"2023-02-09T11:25:16+00:00","twitter_card":"summary_large_image","twitter_misc":{"Tiempo de lectura":"1 minuto"},"schema":{"@context":"https:\/\/schema.org","@graph":[{"@type":"WebPage","@id":"https:\/\/www.resibras.pt\/certificados\/","url":"https:\/\/www.resibras.pt\/certificados\/","name":"Certificados - Resibras Website","isPartOf":{"@id":"https:\/\/www.resibras.pt\/#website"},"datePublished":"2023-01-27T16:03:53+00:00","dateModified":"2023-02-09T11:25:16+00:00","breadcrumb":{"@id":"https:\/\/www.resibras.pt\/certificados\/#breadcrumb"},"inLanguage":"es","potentialAction":[{"@type":"ReadAction","target":["https:\/\/www.resibras.pt\/certificados\/"]}]},{"@type":"BreadcrumbList","@id":"https:\/\/www.resibras.pt\/certificados\/#breadcrumb","itemListElement":[{"@type":"ListItem","position":1,"name":"In\u00edcio","item":"https:\/\/www.resibras.pt\/"},{"@type":"ListItem","position":2,"name":"Certificados"}]},{"@type":"WebSite","@id":"https:\/\/www.resibras.pt\/#website","url":"https:\/\/www.resibras.pt\/","name":"Resibras Website","description":"Solu\u00e7\u00f5es e Tecnologia para a Ind\u00fastria Qu\u00edmica","publisher":{"@id":"https:\/\/www.resibras.pt\/#organization"},"potentialAction":[{"@type":"SearchAction","target":{"@type":"EntryPoint","urlTemplate":"https:\/\/www.resibras.pt\/?s={search_term_string}"},"query-input":{"@type":"PropertyValueSpecification","valueRequired":true,"valueName":"search_term_string"}}],"inLanguage":"es"},{"@type":"Organization","@id":"https:\/\/www.resibras.pt\/#organization","name":"Resibras Website","url":"https:\/\/www.resibras.pt\/","logo":{"@type":"ImageObject","inLanguage":"es","@id":"https:\/\/www.resibras.pt\/#\/schema\/logo\/image\/","url":"https:\/\/www.resibras.pt\/wp-content\/uploads\/2022\/07\/logo.svg","contentUrl":"https:\/\/www.resibras.pt\/wp-content\/uploads\/2022\/07\/logo.svg","width":211,"height":36,"caption":"Resibras Website"},"image":{"@id":"https:\/\/www.resibras.pt\/#\/schema\/logo\/image\/"}}]}},"_links":{"self":[{"href":"https:\/\/www.resibras.pt\/es\/wp-json\/wp\/v2\/pages\/4488","targetHints":{"allow":["GET"]}}],"collection":[{"href":"https:\/\/www.resibras.pt\/es\/wp-json\/wp\/v2\/pages"}],"about":[{"href":"https:\/\/www.resibras.pt\/es\/wp-json\/wp\/v2\/types\/page"}],"author":[{"embeddable":true,"href":"https:\/\/www.resibras.pt\/es\/wp-json\/wp\/v2\/users\/1"}],"replies":[{"embeddable":true,"href":"https:\/\/www.resibras.pt\/es\/wp-json\/wp\/v2\/comments?post=4488"}],"version-history":[{"count":10,"href":"https:\/\/www.resibras.pt\/es\/wp-json\/wp\/v2\/pages\/4488\/revisions"}],"predecessor-version":[{"id":4730,"href":"https:\/\/www.resibras.pt\/es\/wp-json\/wp\/v2\/pages\/4488\/revisions\/4730"}],"wp:attachment":[{"href":"https:\/\/www.resibras.pt\/es\/wp-json\/wp\/v2\/media?parent=4488"}],"curies":[{"name":"wp","href":"https:\/\/api.w.org\/{rel}","templated":true}]}}