{"id":4396,"date":"2023-01-09T15:10:56","date_gmt":"2023-01-09T15:10:56","guid":{"rendered":"https:\/\/resibras.pt\/?page_id=4396"},"modified":"2023-01-09T15:28:57","modified_gmt":"2023-01-09T15:28:57","slug":"politica-resibras","status":"publish","type":"page","link":"https:\/\/www.resibras.pt\/en\/politica-resibras\/","title":{"rendered":"Resibras Policy"},"content":{"rendered":"\t\t<div data-elementor-type=\"wp-page\" data-elementor-id=\"4396\" class=\"elementor elementor-4396\">\n\t\t\t\t\t\t<section class=\"elementor-section elementor-top-section elementor-element elementor-element-13c9cbe elementor-section-height-min-height elementor-section-items-stretch elementor-section-content-middle elementor-section-boxed elementor-section-height-default\" data-id=\"13c9cbe\" data-element_type=\"section\" data-e-type=\"section\" data-settings=\"{&quot;jet_parallax_layout_list&quot;:[{&quot;jet_parallax_layout_image&quot;:{&quot;url&quot;:&quot;&quot;,&quot;id&quot;:&quot;&quot;,&quot;size&quot;:&quot;&quot;},&quot;_id&quot;:&quot;c5f1fd7&quot;,&quot;jet_parallax_layout_speed&quot;:{&quot;unit&quot;:&quot;%&quot;,&quot;size&quot;:&quot;50&quot;,&quot;sizes&quot;:[]},&quot;jet_parallax_layout_bg_x&quot;:&quot;50&quot;,&quot;jet_parallax_layout_bg_y&quot;:&quot;50&quot;,&quot;jet_parallax_layout_image_tablet&quot;:{&quot;url&quot;:&quot;&quot;,&quot;id&quot;:&quot;&quot;,&quot;size&quot;:&quot;&quot;},&quot;jet_parallax_layout_image_mobile&quot;:{&quot;url&quot;:&quot;&quot;,&quot;id&quot;:&quot;&quot;,&quot;size&quot;:&quot;&quot;},&quot;jet_parallax_layout_type&quot;:&quot;scroll&quot;,&quot;jet_parallax_layout_direction&quot;:null,&quot;jet_parallax_layout_fx_direction&quot;:null,&quot;jet_parallax_layout_z_index&quot;:&quot;&quot;,&quot;jet_parallax_layout_bg_x_tablet&quot;:&quot;&quot;,&quot;jet_parallax_layout_bg_x_mobile&quot;:&quot;&quot;,&quot;jet_parallax_layout_bg_y_tablet&quot;:&quot;&quot;,&quot;jet_parallax_layout_bg_y_mobile&quot;:&quot;&quot;,&quot;jet_parallax_layout_bg_size&quot;:&quot;auto&quot;,&quot;jet_parallax_layout_bg_size_tablet&quot;:&quot;&quot;,&quot;jet_parallax_layout_bg_size_mobile&quot;:&quot;&quot;,&quot;jet_parallax_layout_animation_prop&quot;:&quot;transform&quot;,&quot;jet_parallax_layout_on&quot;:[&quot;desktop&quot;,&quot;tablet&quot;]}],&quot;background_background&quot;:&quot;classic&quot;}\">\n\t\t\t\t\t\t\t<div class=\"elementor-background-overlay\"><\/div>\n\t\t\t\t\t\t\t<div class=\"elementor-container elementor-column-gap-default\">\n\t\t\t\t\t<div class=\"elementor-column elementor-col-100 elementor-top-column elementor-element elementor-element-8d6754e\" data-id=\"8d6754e\" data-element_type=\"column\" data-e-type=\"column\">\n\t\t\t<div class=\"elementor-widget-wrap elementor-element-populated\">\n\t\t\t\t\t\t<div class=\"elementor-element elementor-element-60eb139e elementor-mobile-align-center elementor-align-left elementor-widget elementor-widget-raven-heading\" data-id=\"60eb139e\" data-element_type=\"widget\" data-e-type=\"widget\" data-widget_type=\"raven-heading.default\">\n\t\t\t\t<div class=\"elementor-widget-container\">\n\t\t\t\t\t\t\t<div class=\"raven-widget-wrapper\"><h1 class=\"raven-heading raven-heading-h1\"><span class=\"raven-heading-title \">Pol\u00edtica Resibras<\/span><\/h1><\/div>\n\t\t\t\t\t\t<\/div>\n\t\t\t\t<\/div>\n\t\t\t\t<div class=\"elementor-element elementor-element-1d5c1a17 elementor-mobile-align-center elementor-align-left elementor-widget elementor-widget-raven-breadcrumbs\" data-id=\"1d5c1a17\" data-element_type=\"widget\" data-e-type=\"widget\" data-widget_type=\"raven-breadcrumbs.default\">\n\t\t\t\t<div class=\"elementor-widget-container\">\n\t\t\t\t\t<div class=\"raven-breadcrumbs raven-breadcrumbs-default\"><div class=\"breadcrumb\">\t\t\t\t\t\t\t\t<div class=\"breadcrumb-item active\" aria-current=\"page\"><span>Home<\/span><\/div>\n\n\t\t\t\t<\/div><\/div>\t\t\t\t<\/div>\n\t\t\t\t<\/div>\n\t\t\t\t\t<\/div>\n\t\t<\/div>\n\t\t\t\t\t<\/div>\n\t\t<\/section>\n\t\t\t\t<section class=\"elementor-section elementor-top-section elementor-element elementor-element-3e7233a elementor-section-boxed elementor-section-height-default elementor-section-height-default\" data-id=\"3e7233a\" data-element_type=\"section\" data-e-type=\"section\" data-settings=\"{&quot;jet_parallax_layout_list&quot;:[]}\">\n\t\t\t\t\t\t<div class=\"elementor-container elementor-column-gap-default\">\n\t\t\t\t\t<div class=\"elementor-column elementor-col-16 elementor-top-column elementor-element elementor-element-0460c47\" data-id=\"0460c47\" data-element_type=\"column\" data-e-type=\"column\">\n\t\t\t<div class=\"elementor-widget-wrap\">\n\t\t\t\t\t\t\t<\/div>\n\t\t<\/div>\n\t\t\t\t<div class=\"elementor-column elementor-col-66 elementor-top-column elementor-element elementor-element-dacd37c\" data-id=\"dacd37c\" data-element_type=\"column\" data-e-type=\"column\">\n\t\t\t<div class=\"elementor-widget-wrap elementor-element-populated\">\n\t\t\t\t\t\t<div class=\"elementor-element elementor-element-cfe4965 elementor-widget elementor-widget-text-editor\" data-id=\"cfe4965\" data-element_type=\"widget\" data-e-type=\"widget\" data-widget_type=\"text-editor.default\">\n\t\t\t\t<div class=\"elementor-widget-container\">\n\t\t\t\t\t\t\t\t\t<p>A Resibras \u2013 Companhia Portuguesa de Resinas para Abrasivos, SA, faz da Qualidade, do Ambiente e da Preven\u00e7\u00e3o de Acidentes Graves as suas orienta\u00e7\u00f5es estrat\u00e9gicas quer nas rela\u00e7\u00f5es internas quer externas, com fornecedores e com os seus clientes, a quem dirige os produtos que fabrica: resinas sint\u00e9ticas e semi-sint\u00e9ticas e seus catalisadores bem como produtos afins ou similares.<\/p><p>A Pol\u00edtica \u00e9 determinante da cultura de toda a Resibras e traduz-se no cumprimento dos requisitos da norma NP EN ISO 9001:2015, da norma NP EN ISO 14001:2015, e do Decreto-lei n\u00ba150\/2015, de 5 de Agosto, de forma a:<\/p>\t\t\t\t\t\t\t\t<\/div>\n\t\t\t\t<\/div>\n\t\t\t\t<div class=\"elementor-element elementor-element-b1ab204 elementor-widget elementor-widget-text-editor\" data-id=\"b1ab204\" data-element_type=\"widget\" data-e-type=\"widget\" data-widget_type=\"text-editor.default\">\n\t\t\t\t<div class=\"elementor-widget-container\">\n\t\t\t\t\t\t\t\t\t<ul><li>Procurar dar satisfa\u00e7\u00e3o \u00e0s necessidades e expectativas dos colaboradores, clientes e fornecedores.<\/li><li>Garantir o cumprimento dos requisitos legais e outros requisitos voluntariamente subscritos.<\/li><li>Conceber e fabricar produtos que cumpram as normas t\u00e9cnicas aplic\u00e1veis e possam receber aprova\u00e7\u00e3o de Entidades ligadas \u00e0 sua aplica\u00e7\u00e3o final.<\/li><li>Prote\u00e7\u00e3o ambiental, prevenindo a polui\u00e7\u00e3o e a ocorr\u00eancia de acidentes industriais graves envolvendo subst\u00e2ncias perigosas.<\/li><li>Integrar na gest\u00e3o da qualidade e ambiente os aspectos estruturantes de um subsistema de gest\u00e3o da seguran\u00e7a e preven\u00e7\u00e3o de acidentes graves envolvendo subst\u00e2ncias perigosas, atrav\u00e9s da atribui\u00e7\u00e3o de responsabilidades a todos os n\u00edveis e fun\u00e7\u00f5es relevantes, do estabelecimento de procedimentos espec\u00edficos para todas as actividades de risco acrescido, da disponibiliza\u00e7\u00e3o de equipamentos e infra\u2011estruturas adequadas aos riscos identificados e da adequada gest\u00e3o de modifica\u00e7\u00f5es.<\/li><li>Assegurar a monitoriza\u00e7\u00e3o do desempenho e a adequa\u00e7\u00e3o do sistema de Gest\u00e3o atrav\u00e9s do acompanhamento de indicadores de qualidade, ambiente e preven\u00e7\u00e3o de acidentes graves e da realiza\u00e7\u00e3o peri\u00f3dica de auditorias.<\/li><li>Melhorar continuamente a efic\u00e1cia da organiza\u00e7\u00e3o, dos processos, dos seus produtos e servi\u00e7os, assim como o seu desempenho ambiental e controlo dos perigos de acidente grave, atrav\u00e9s da revis\u00e3o peri\u00f3dica a adequabilidade do Sistema de Gest\u00e3o da Qualidade e Ambiente, dos objectivos e metas que o integram e dos procedimentos de resposta a situa\u00e7\u00f5es de emerg\u00eancia.<\/li><\/ul>\t\t\t\t\t\t\t\t<\/div>\n\t\t\t\t<\/div>\n\t\t\t\t<div class=\"elementor-element elementor-element-cdfb61f elementor-widget elementor-widget-text-editor\" data-id=\"cdfb61f\" data-element_type=\"widget\" data-e-type=\"widget\" data-widget_type=\"text-editor.default\">\n\t\t\t\t<div class=\"elementor-widget-container\">\n\t\t\t\t\t\t\t\t\tAprovada pela Administra\u00e7\u00e3o a 13\/05\/2022.\t\t\t\t\t\t\t\t<\/div>\n\t\t\t\t<\/div>\n\t\t\t\t<div class=\"elementor-element elementor-element-8daa118 elementor-widget elementor-widget-image\" data-id=\"8daa118\" data-element_type=\"widget\" data-e-type=\"widget\" data-widget_type=\"image.default\">\n\t\t\t\t<div class=\"elementor-widget-container\">\n\t\t\t\t\t\t\t\t\t\t\t\t\t\t\t<img fetchpriority=\"high\" decoding=\"async\" width=\"2560\" height=\"1237\" src=\"https:\/\/www.resibras.pt\/wp-content\/uploads\/2023\/01\/apcer-scaled.jpg\" class=\"attachment-full size-full wp-image-4349\" alt=\"\" srcset=\"https:\/\/www.resibras.pt\/wp-content\/uploads\/2023\/01\/apcer-scaled.jpg 2560w, https:\/\/www.resibras.pt\/wp-content\/uploads\/2023\/01\/apcer-300x145.jpg 300w, https:\/\/www.resibras.pt\/wp-content\/uploads\/2023\/01\/apcer-1024x495.jpg 1024w, https:\/\/www.resibras.pt\/wp-content\/uploads\/2023\/01\/apcer-768x371.jpg 768w, https:\/\/www.resibras.pt\/wp-content\/uploads\/2023\/01\/apcer-1536x742.jpg 1536w, https:\/\/www.resibras.pt\/wp-content\/uploads\/2023\/01\/apcer-2048x990.jpg 2048w\" sizes=\"(max-width: 2560px) 100vw, 2560px\" \/>\t\t\t\t\t\t\t\t\t\t\t\t\t\t\t<\/div>\n\t\t\t\t<\/div>\n\t\t\t\t\t<\/div>\n\t\t<\/div>\n\t\t\t\t<div class=\"elementor-column elementor-col-16 elementor-top-column elementor-element elementor-element-32f3ebd\" data-id=\"32f3ebd\" data-element_type=\"column\" data-e-type=\"column\">\n\t\t\t<div class=\"elementor-widget-wrap\">\n\t\t\t\t\t\t\t<\/div>\n\t\t<\/div>\n\t\t\t\t\t<\/div>\n\t\t<\/section>\n\t\t\t\t<\/div>\n\t\t","protected":false},"excerpt":{"rendered":"<p>Pol\u00edtica Resibras Home A Resibras \u2013 Companhia Portuguesa de Resinas para Abrasivos, SA, faz da Qualidade, do Ambiente e da Preven\u00e7\u00e3o de Acidentes Graves as suas orienta\u00e7\u00f5es estrat\u00e9gicas quer nas rela\u00e7\u00f5es internas quer externas, com fornecedores e com os seus clientes, a quem dirige os produtos que fabrica: resinas sint\u00e9ticas e semi-sint\u00e9ticas e seus catalisadores [&hellip;]<\/p>\n","protected":false},"author":1,"featured_media":0,"parent":0,"menu_order":0,"comment_status":"closed","ping_status":"closed","template":"elementor_header_footer","meta":{"_acf_changed":false,"footnotes":""},"class_list":["post-4396","page","type-page","status-publish","hentry"],"acf":[],"yoast_head":"<!-- This site is optimized with the Yoast SEO plugin v27.5 - https:\/\/yoast.com\/product\/yoast-seo-wordpress\/ -->\n<title>Pol\u00edtica Resibras - Resibras Website<\/title>\n<meta name=\"robots\" content=\"index, follow, max-snippet:-1, max-image-preview:large, max-video-preview:-1\" \/>\n<link rel=\"canonical\" href=\"https:\/\/www.resibras.pt\/en\/politica-resibras\/\" \/>\n<meta property=\"og:locale\" content=\"en_US\" \/>\n<meta property=\"og:type\" content=\"article\" \/>\n<meta property=\"og:title\" content=\"Pol\u00edtica Resibras - Resibras Website\" \/>\n<meta property=\"og:description\" content=\"Pol\u00edtica Resibras Home A Resibras \u2013 Companhia Portuguesa de Resinas para Abrasivos, SA, faz da Qualidade, do Ambiente e da Preven\u00e7\u00e3o de Acidentes Graves as suas orienta\u00e7\u00f5es estrat\u00e9gicas quer nas rela\u00e7\u00f5es internas quer externas, com fornecedores e com os seus clientes, a quem dirige os produtos que fabrica: resinas sint\u00e9ticas e semi-sint\u00e9ticas e seus catalisadores [&hellip;]\" \/>\n<meta property=\"og:url\" content=\"https:\/\/www.resibras.pt\/en\/politica-resibras\/\" \/>\n<meta property=\"og:site_name\" content=\"Resibras Website\" \/>\n<meta property=\"article:modified_time\" content=\"2023-01-09T15:28:57+00:00\" \/>\n<meta property=\"og:image\" content=\"https:\/\/www.resibras.pt\/wp-content\/uploads\/2023\/01\/apcer-scaled.jpg\" \/>\n<meta name=\"twitter:card\" content=\"summary_large_image\" \/>\n<meta name=\"twitter:label1\" content=\"Est. reading time\" \/>\n\t<meta name=\"twitter:data1\" content=\"2 minutes\" \/>\n<script type=\"application\/ld+json\" class=\"yoast-schema-graph\">{\"@context\":\"https:\\\/\\\/schema.org\",\"@graph\":[{\"@type\":\"WebPage\",\"@id\":\"https:\\\/\\\/www.resibras.pt\\\/politica-resibras\\\/\",\"url\":\"https:\\\/\\\/www.resibras.pt\\\/politica-resibras\\\/\",\"name\":\"Pol\u00edtica Resibras - Resibras Website\",\"isPartOf\":{\"@id\":\"https:\\\/\\\/www.resibras.pt\\\/#website\"},\"primaryImageOfPage\":{\"@id\":\"https:\\\/\\\/www.resibras.pt\\\/politica-resibras\\\/#primaryimage\"},\"image\":{\"@id\":\"https:\\\/\\\/www.resibras.pt\\\/politica-resibras\\\/#primaryimage\"},\"thumbnailUrl\":\"https:\\\/\\\/www.resibras.pt\\\/wp-content\\\/uploads\\\/2023\\\/01\\\/apcer-scaled.jpg\",\"datePublished\":\"2023-01-09T15:10:56+00:00\",\"dateModified\":\"2023-01-09T15:28:57+00:00\",\"breadcrumb\":{\"@id\":\"https:\\\/\\\/www.resibras.pt\\\/politica-resibras\\\/#breadcrumb\"},\"inLanguage\":\"en-US\",\"potentialAction\":[{\"@type\":\"ReadAction\",\"target\":[\"https:\\\/\\\/www.resibras.pt\\\/politica-resibras\\\/\"]}]},{\"@type\":\"ImageObject\",\"inLanguage\":\"en-US\",\"@id\":\"https:\\\/\\\/www.resibras.pt\\\/politica-resibras\\\/#primaryimage\",\"url\":\"https:\\\/\\\/www.resibras.pt\\\/wp-content\\\/uploads\\\/2023\\\/01\\\/apcer-scaled.jpg\",\"contentUrl\":\"https:\\\/\\\/www.resibras.pt\\\/wp-content\\\/uploads\\\/2023\\\/01\\\/apcer-scaled.jpg\"},{\"@type\":\"BreadcrumbList\",\"@id\":\"https:\\\/\\\/www.resibras.pt\\\/politica-resibras\\\/#breadcrumb\",\"itemListElement\":[{\"@type\":\"ListItem\",\"position\":1,\"name\":\"In\u00edcio\",\"item\":\"https:\\\/\\\/www.resibras.pt\\\/\"},{\"@type\":\"ListItem\",\"position\":2,\"name\":\"Pol\u00edtica Resibras\"}]},{\"@type\":\"WebSite\",\"@id\":\"https:\\\/\\\/www.resibras.pt\\\/#website\",\"url\":\"https:\\\/\\\/www.resibras.pt\\\/\",\"name\":\"Resibras Website\",\"description\":\"Solu\u00e7\u00f5es e Tecnologia para a Ind\u00fastria Qu\u00edmica\",\"publisher\":{\"@id\":\"https:\\\/\\\/www.resibras.pt\\\/#organization\"},\"potentialAction\":[{\"@type\":\"SearchAction\",\"target\":{\"@type\":\"EntryPoint\",\"urlTemplate\":\"https:\\\/\\\/www.resibras.pt\\\/?s={search_term_string}\"},\"query-input\":{\"@type\":\"PropertyValueSpecification\",\"valueRequired\":true,\"valueName\":\"search_term_string\"}}],\"inLanguage\":\"en-US\"},{\"@type\":\"Organization\",\"@id\":\"https:\\\/\\\/www.resibras.pt\\\/#organization\",\"name\":\"Resibras Website\",\"url\":\"https:\\\/\\\/www.resibras.pt\\\/\",\"logo\":{\"@type\":\"ImageObject\",\"inLanguage\":\"en-US\",\"@id\":\"https:\\\/\\\/www.resibras.pt\\\/#\\\/schema\\\/logo\\\/image\\\/\",\"url\":\"https:\\\/\\\/www.resibras.pt\\\/wp-content\\\/uploads\\\/2022\\\/07\\\/logo.svg\",\"contentUrl\":\"https:\\\/\\\/www.resibras.pt\\\/wp-content\\\/uploads\\\/2022\\\/07\\\/logo.svg\",\"width\":211,\"height\":36,\"caption\":\"Resibras Website\"},\"image\":{\"@id\":\"https:\\\/\\\/www.resibras.pt\\\/#\\\/schema\\\/logo\\\/image\\\/\"}}]}<\/script>\n<!-- \/ Yoast SEO plugin. -->","yoast_head_json":{"title":"Pol\u00edtica Resibras - Resibras Website","robots":{"index":"index","follow":"follow","max-snippet":"max-snippet:-1","max-image-preview":"max-image-preview:large","max-video-preview":"max-video-preview:-1"},"canonical":"https:\/\/www.resibras.pt\/en\/politica-resibras\/","og_locale":"en_US","og_type":"article","og_title":"Pol\u00edtica Resibras - Resibras Website","og_description":"Pol\u00edtica Resibras Home A Resibras \u2013 Companhia Portuguesa de Resinas para Abrasivos, SA, faz da Qualidade, do Ambiente e da Preven\u00e7\u00e3o de Acidentes Graves as suas orienta\u00e7\u00f5es estrat\u00e9gicas quer nas rela\u00e7\u00f5es internas quer externas, com fornecedores e com os seus clientes, a quem dirige os produtos que fabrica: resinas sint\u00e9ticas e semi-sint\u00e9ticas e seus catalisadores [&hellip;]","og_url":"https:\/\/www.resibras.pt\/en\/politica-resibras\/","og_site_name":"Resibras Website","article_modified_time":"2023-01-09T15:28:57+00:00","og_image":[{"url":"https:\/\/www.resibras.pt\/wp-content\/uploads\/2023\/01\/apcer-scaled.jpg","type":"","width":"","height":""}],"twitter_card":"summary_large_image","twitter_misc":{"Est. reading time":"2 minutes"},"schema":{"@context":"https:\/\/schema.org","@graph":[{"@type":"WebPage","@id":"https:\/\/www.resibras.pt\/politica-resibras\/","url":"https:\/\/www.resibras.pt\/politica-resibras\/","name":"Pol\u00edtica Resibras - Resibras Website","isPartOf":{"@id":"https:\/\/www.resibras.pt\/#website"},"primaryImageOfPage":{"@id":"https:\/\/www.resibras.pt\/politica-resibras\/#primaryimage"},"image":{"@id":"https:\/\/www.resibras.pt\/politica-resibras\/#primaryimage"},"thumbnailUrl":"https:\/\/www.resibras.pt\/wp-content\/uploads\/2023\/01\/apcer-scaled.jpg","datePublished":"2023-01-09T15:10:56+00:00","dateModified":"2023-01-09T15:28:57+00:00","breadcrumb":{"@id":"https:\/\/www.resibras.pt\/politica-resibras\/#breadcrumb"},"inLanguage":"en-US","potentialAction":[{"@type":"ReadAction","target":["https:\/\/www.resibras.pt\/politica-resibras\/"]}]},{"@type":"ImageObject","inLanguage":"en-US","@id":"https:\/\/www.resibras.pt\/politica-resibras\/#primaryimage","url":"https:\/\/www.resibras.pt\/wp-content\/uploads\/2023\/01\/apcer-scaled.jpg","contentUrl":"https:\/\/www.resibras.pt\/wp-content\/uploads\/2023\/01\/apcer-scaled.jpg"},{"@type":"BreadcrumbList","@id":"https:\/\/www.resibras.pt\/politica-resibras\/#breadcrumb","itemListElement":[{"@type":"ListItem","position":1,"name":"In\u00edcio","item":"https:\/\/www.resibras.pt\/"},{"@type":"ListItem","position":2,"name":"Pol\u00edtica Resibras"}]},{"@type":"WebSite","@id":"https:\/\/www.resibras.pt\/#website","url":"https:\/\/www.resibras.pt\/","name":"Resibras Website","description":"Solu\u00e7\u00f5es e Tecnologia para a Ind\u00fastria Qu\u00edmica","publisher":{"@id":"https:\/\/www.resibras.pt\/#organization"},"potentialAction":[{"@type":"SearchAction","target":{"@type":"EntryPoint","urlTemplate":"https:\/\/www.resibras.pt\/?s={search_term_string}"},"query-input":{"@type":"PropertyValueSpecification","valueRequired":true,"valueName":"search_term_string"}}],"inLanguage":"en-US"},{"@type":"Organization","@id":"https:\/\/www.resibras.pt\/#organization","name":"Resibras Website","url":"https:\/\/www.resibras.pt\/","logo":{"@type":"ImageObject","inLanguage":"en-US","@id":"https:\/\/www.resibras.pt\/#\/schema\/logo\/image\/","url":"https:\/\/www.resibras.pt\/wp-content\/uploads\/2022\/07\/logo.svg","contentUrl":"https:\/\/www.resibras.pt\/wp-content\/uploads\/2022\/07\/logo.svg","width":211,"height":36,"caption":"Resibras Website"},"image":{"@id":"https:\/\/www.resibras.pt\/#\/schema\/logo\/image\/"}}]}},"_links":{"self":[{"href":"https:\/\/www.resibras.pt\/en\/wp-json\/wp\/v2\/pages\/4396","targetHints":{"allow":["GET"]}}],"collection":[{"href":"https:\/\/www.resibras.pt\/en\/wp-json\/wp\/v2\/pages"}],"about":[{"href":"https:\/\/www.resibras.pt\/en\/wp-json\/wp\/v2\/types\/page"}],"author":[{"embeddable":true,"href":"https:\/\/www.resibras.pt\/en\/wp-json\/wp\/v2\/users\/1"}],"replies":[{"embeddable":true,"href":"https:\/\/www.resibras.pt\/en\/wp-json\/wp\/v2\/comments?post=4396"}],"version-history":[{"count":10,"href":"https:\/\/www.resibras.pt\/en\/wp-json\/wp\/v2\/pages\/4396\/revisions"}],"predecessor-version":[{"id":4409,"href":"https:\/\/www.resibras.pt\/en\/wp-json\/wp\/v2\/pages\/4396\/revisions\/4409"}],"wp:attachment":[{"href":"https:\/\/www.resibras.pt\/en\/wp-json\/wp\/v2\/media?parent=4396"}],"curies":[{"name":"wp","href":"https:\/\/api.w.org\/{rel}","templated":true}]}}