{"id":1605,"date":"2021-05-24T13:42:36","date_gmt":"2021-05-24T13:42:36","guid":{"rendered":"https:\/\/resibras.pt\/?page_id=1605"},"modified":"2023-01-30T15:40:15","modified_gmt":"2023-01-30T15:40:15","slug":"projeto","status":"publish","type":"page","link":"https:\/\/www.resibras.pt\/en\/projeto\/","title":{"rendered":"Project Sheet"},"content":{"rendered":"\t\t<div data-elementor-type=\"wp-page\" data-elementor-id=\"1605\" class=\"elementor elementor-1605\">\n\t\t\t\t\t\t<section class=\"elementor-section elementor-top-section elementor-element elementor-element-13c9cbe elementor-section-height-min-height elementor-section-items-stretch elementor-section-content-middle elementor-section-boxed elementor-section-height-default\" data-id=\"13c9cbe\" data-element_type=\"section\" data-e-type=\"section\" data-settings=\"{&quot;jet_parallax_layout_list&quot;:[{&quot;jet_parallax_layout_image&quot;:{&quot;url&quot;:&quot;&quot;,&quot;id&quot;:&quot;&quot;,&quot;size&quot;:&quot;&quot;},&quot;_id&quot;:&quot;c5f1fd7&quot;,&quot;jet_parallax_layout_speed&quot;:{&quot;unit&quot;:&quot;%&quot;,&quot;size&quot;:&quot;50&quot;,&quot;sizes&quot;:[]},&quot;jet_parallax_layout_bg_x&quot;:&quot;50&quot;,&quot;jet_parallax_layout_bg_y&quot;:&quot;50&quot;,&quot;jet_parallax_layout_image_tablet&quot;:{&quot;url&quot;:&quot;&quot;,&quot;id&quot;:&quot;&quot;,&quot;size&quot;:&quot;&quot;},&quot;jet_parallax_layout_image_mobile&quot;:{&quot;url&quot;:&quot;&quot;,&quot;id&quot;:&quot;&quot;,&quot;size&quot;:&quot;&quot;},&quot;jet_parallax_layout_type&quot;:&quot;scroll&quot;,&quot;jet_parallax_layout_direction&quot;:null,&quot;jet_parallax_layout_fx_direction&quot;:null,&quot;jet_parallax_layout_z_index&quot;:&quot;&quot;,&quot;jet_parallax_layout_bg_x_tablet&quot;:&quot;&quot;,&quot;jet_parallax_layout_bg_x_mobile&quot;:&quot;&quot;,&quot;jet_parallax_layout_bg_y_tablet&quot;:&quot;&quot;,&quot;jet_parallax_layout_bg_y_mobile&quot;:&quot;&quot;,&quot;jet_parallax_layout_bg_size&quot;:&quot;auto&quot;,&quot;jet_parallax_layout_bg_size_tablet&quot;:&quot;&quot;,&quot;jet_parallax_layout_bg_size_mobile&quot;:&quot;&quot;,&quot;jet_parallax_layout_animation_prop&quot;:&quot;transform&quot;,&quot;jet_parallax_layout_on&quot;:[&quot;desktop&quot;,&quot;tablet&quot;]}],&quot;background_background&quot;:&quot;classic&quot;}\">\n\t\t\t\t\t\t\t<div class=\"elementor-background-overlay\"><\/div>\n\t\t\t\t\t\t\t<div class=\"elementor-container elementor-column-gap-default\">\n\t\t\t\t\t<div class=\"elementor-column elementor-col-100 elementor-top-column elementor-element elementor-element-8d6754e\" data-id=\"8d6754e\" data-element_type=\"column\" data-e-type=\"column\">\n\t\t\t<div class=\"elementor-widget-wrap elementor-element-populated\">\n\t\t\t\t\t\t<div class=\"elementor-element elementor-element-60eb139e elementor-mobile-align-center elementor-align-left elementor-widget elementor-widget-raven-heading\" data-id=\"60eb139e\" data-element_type=\"widget\" data-e-type=\"widget\" data-widget_type=\"raven-heading.default\">\n\t\t\t\t<div class=\"elementor-widget-container\">\n\t\t\t\t\t\t\t<div class=\"raven-widget-wrapper\"><h1 class=\"raven-heading raven-heading-h1\"><span class=\"raven-heading-title \">Ficha de Projeto<\/span><\/h1><\/div>\n\t\t\t\t\t\t<\/div>\n\t\t\t\t<\/div>\n\t\t\t\t<div class=\"elementor-element elementor-element-1d5c1a17 elementor-mobile-align-center elementor-align-left elementor-widget elementor-widget-raven-breadcrumbs\" data-id=\"1d5c1a17\" data-element_type=\"widget\" data-e-type=\"widget\" data-widget_type=\"raven-breadcrumbs.default\">\n\t\t\t\t<div class=\"elementor-widget-container\">\n\t\t\t\t\t<div class=\"raven-breadcrumbs raven-breadcrumbs-default\"><div class=\"breadcrumb\">\t\t\t\t<div class=\"breadcrumb-item active\" aria-current=\"page\"><span>Home<\/span><\/div>\n\n\t\t\t\t<\/div><\/div>\t\t\t\t<\/div>\n\t\t\t\t<\/div>\n\t\t\t\t\t<\/div>\n\t\t<\/div>\n\t\t\t\t\t<\/div>\n\t\t<\/section>\n\t\t\t\t<section class=\"elementor-section elementor-top-section elementor-element elementor-element-3e7233a elementor-section-boxed elementor-section-height-default elementor-section-height-default\" data-id=\"3e7233a\" data-element_type=\"section\" data-e-type=\"section\" data-settings=\"{&quot;jet_parallax_layout_list&quot;:[]}\">\n\t\t\t\t\t\t<div class=\"elementor-container elementor-column-gap-default\">\n\t\t\t\t\t<div class=\"elementor-column elementor-col-16 elementor-top-column elementor-element elementor-element-0460c47\" data-id=\"0460c47\" data-element_type=\"column\" data-e-type=\"column\">\n\t\t\t<div class=\"elementor-widget-wrap\">\n\t\t\t\t\t\t\t<\/div>\n\t\t<\/div>\n\t\t\t\t<div class=\"elementor-column elementor-col-66 elementor-top-column elementor-element elementor-element-dacd37c\" data-id=\"dacd37c\" data-element_type=\"column\" data-e-type=\"column\">\n\t\t\t<div class=\"elementor-widget-wrap elementor-element-populated\">\n\t\t\t\t\t\t<div class=\"elementor-element elementor-element-1fa640f elementor-widget elementor-widget-heading\" data-id=\"1fa640f\" data-element_type=\"widget\" data-e-type=\"widget\" data-widget_type=\"heading.default\">\n\t\t\t\t<div class=\"elementor-widget-container\">\n\t\t\t\t\t<h3 class=\"elementor-heading-title elementor-size-default\">Ficha de projeto<\/h3>\t\t\t\t<\/div>\n\t\t\t\t<\/div>\n\t\t\t\t<div class=\"elementor-element elementor-element-868de02 elementor-widget elementor-widget-image\" data-id=\"868de02\" data-element_type=\"widget\" data-e-type=\"widget\" data-widget_type=\"image.default\">\n\t\t\t\t<div class=\"elementor-widget-container\">\n\t\t\t\t\t\t\t\t\t\t\t\t\t\t\t<img fetchpriority=\"high\" decoding=\"async\" width=\"930\" height=\"88\" src=\"https:\/\/www.resibras.pt\/wp-content\/uploads\/2023\/01\/logotipos_lisboa2020_compete2020_portugal_2020-1.png\" class=\"attachment-large size-large wp-image-4329\" alt=\"\" srcset=\"https:\/\/www.resibras.pt\/wp-content\/uploads\/2023\/01\/logotipos_lisboa2020_compete2020_portugal_2020-1.png 930w, https:\/\/www.resibras.pt\/wp-content\/uploads\/2023\/01\/logotipos_lisboa2020_compete2020_portugal_2020-1-300x28.png 300w, https:\/\/www.resibras.pt\/wp-content\/uploads\/2023\/01\/logotipos_lisboa2020_compete2020_portugal_2020-1-768x73.png 768w\" sizes=\"(max-width: 930px) 100vw, 930px\" \/>\t\t\t\t\t\t\t\t\t\t\t\t\t\t\t<\/div>\n\t\t\t\t<\/div>\n\t\t\t\t\t<\/div>\n\t\t<\/div>\n\t\t\t\t<div class=\"elementor-column elementor-col-16 elementor-top-column elementor-element elementor-element-32f3ebd\" data-id=\"32f3ebd\" data-element_type=\"column\" data-e-type=\"column\">\n\t\t\t<div class=\"elementor-widget-wrap\">\n\t\t\t\t\t\t\t<\/div>\n\t\t<\/div>\n\t\t\t\t\t<\/div>\n\t\t<\/section>\n\t\t\t\t<section class=\"elementor-section elementor-top-section elementor-element elementor-element-78a48a91 elementor-section-height-min-height elementor-section-items-stretch elementor-section-boxed elementor-section-height-default\" data-id=\"78a48a91\" data-element_type=\"section\" data-e-type=\"section\" data-settings=\"{&quot;jet_parallax_layout_list&quot;:[{&quot;jet_parallax_layout_image&quot;:{&quot;url&quot;:&quot;&quot;,&quot;id&quot;:&quot;&quot;,&quot;size&quot;:&quot;&quot;},&quot;_id&quot;:&quot;5403955&quot;,&quot;jet_parallax_layout_speed&quot;:{&quot;unit&quot;:&quot;%&quot;,&quot;size&quot;:&quot;50&quot;,&quot;sizes&quot;:[]},&quot;jet_parallax_layout_bg_x&quot;:&quot;50&quot;,&quot;jet_parallax_layout_bg_y&quot;:&quot;50&quot;,&quot;jet_parallax_layout_image_tablet&quot;:{&quot;url&quot;:&quot;&quot;,&quot;id&quot;:&quot;&quot;,&quot;size&quot;:&quot;&quot;},&quot;jet_parallax_layout_image_mobile&quot;:{&quot;url&quot;:&quot;&quot;,&quot;id&quot;:&quot;&quot;,&quot;size&quot;:&quot;&quot;},&quot;jet_parallax_layout_type&quot;:&quot;scroll&quot;,&quot;jet_parallax_layout_direction&quot;:null,&quot;jet_parallax_layout_fx_direction&quot;:null,&quot;jet_parallax_layout_z_index&quot;:&quot;&quot;,&quot;jet_parallax_layout_bg_x_tablet&quot;:&quot;&quot;,&quot;jet_parallax_layout_bg_x_mobile&quot;:&quot;&quot;,&quot;jet_parallax_layout_bg_y_tablet&quot;:&quot;&quot;,&quot;jet_parallax_layout_bg_y_mobile&quot;:&quot;&quot;,&quot;jet_parallax_layout_bg_size&quot;:&quot;auto&quot;,&quot;jet_parallax_layout_bg_size_tablet&quot;:&quot;&quot;,&quot;jet_parallax_layout_bg_size_mobile&quot;:&quot;&quot;,&quot;jet_parallax_layout_animation_prop&quot;:&quot;transform&quot;,&quot;jet_parallax_layout_on&quot;:[&quot;desktop&quot;,&quot;tablet&quot;]}],&quot;background_background&quot;:&quot;classic&quot;}\">\n\t\t\t\t\t\t<div class=\"elementor-container elementor-column-gap-default\">\n\t\t\t\t\t<div class=\"elementor-column elementor-col-100 elementor-top-column elementor-element elementor-element-6aa3a9c5\" data-id=\"6aa3a9c5\" data-element_type=\"column\" data-e-type=\"column\" data-settings=\"{&quot;background_background&quot;:&quot;classic&quot;}\">\n\t\t\t<div class=\"elementor-widget-wrap elementor-element-populated\">\n\t\t\t\t\t\t<div class=\"elementor-element elementor-element-fb0d934 elementor-widget elementor-widget-text-editor\" data-id=\"fb0d934\" data-element_type=\"widget\" data-e-type=\"widget\" data-widget_type=\"text-editor.default\">\n\t\t\t\t<div class=\"elementor-widget-container\">\n\t\t\t\t\t\t\t\t\t<h5>Designa\u00e7\u00e3o do projeto<\/h5><p>CARDUR: Valoriza\u00e7\u00e3o do \u00f3leo da casca da castanha de caju no desenvolvimento sustent\u00e1vel de endurecedores de resinas epoxi<\/p><h5>C\u00f3digo do projeto<\/h5><p>LISBOA-01-0247-FEDER-039878; POCI-01-0247-FEDER-039878<\/p><h5>Objetivo principal<\/h5><p>Refor\u00e7ar a investiga\u00e7\u00e3o, o desenvolvimento tecnol\u00f3gico e a inova\u00e7\u00e3o<\/p><h5>Regi\u00e3o de interven\u00e7\u00e3o<\/h5><p>\u00c1rea Metropolitana de Lisboa (Palmela); Norte (Guimar\u00e3es)<\/p><h5>Entidades benefici\u00e1rias<\/h5><p>RESIBRAS-Companhia Portuguesa de Resinas para Abrasivos S.A.; PIEP ASSOCIA\u00c7\u00c3O \u2013 P\u00f3lo de Inova\u00e7\u00e3o em Engenharia de Pol\u00edmeros; GLOBALNAVY \u2013 Tintas e Revestimentos LDA<\/p><h5>Data de aprova\u00e7\u00e3o<\/h5><p>05\/06\/2019<\/p><h5>Data de in\u00edcio<\/h5><p>01\/10\/2019<\/p><h5>Custo total eleg\u00edvel<\/h5><p>619.876,04 \u20ac<\/p><h5>Data de conclus\u00e3o<\/h5><p>30\/06\/2023<\/p><h5>Apoio financeiro da Uni\u00e3o Europeia<\/h5><p>FEDER \u2013 335.813,51 \u20ac<\/p>\t\t\t\t\t\t\t\t<\/div>\n\t\t\t\t<\/div>\n\t\t\t\t\t<\/div>\n\t\t<\/div>\n\t\t\t\t\t<\/div>\n\t\t<\/section>\n\t\t\t\t<section class=\"elementor-section elementor-top-section elementor-element elementor-element-96fbefc elementor-section-boxed elementor-section-height-default elementor-section-height-default\" data-id=\"96fbefc\" data-element_type=\"section\" data-e-type=\"section\" data-settings=\"{&quot;jet_parallax_layout_list&quot;:[]}\">\n\t\t\t\t\t\t<div class=\"elementor-container elementor-column-gap-default\">\n\t\t\t\t\t<div class=\"elementor-column elementor-col-16 elementor-top-column elementor-element elementor-element-58aee59\" data-id=\"58aee59\" data-element_type=\"column\" data-e-type=\"column\">\n\t\t\t<div class=\"elementor-widget-wrap\">\n\t\t\t\t\t\t\t<\/div>\n\t\t<\/div>\n\t\t\t\t<div class=\"elementor-column elementor-col-66 elementor-top-column elementor-element elementor-element-8f89528\" data-id=\"8f89528\" data-element_type=\"column\" data-e-type=\"column\">\n\t\t\t<div class=\"elementor-widget-wrap elementor-element-populated\">\n\t\t\t\t\t\t<div class=\"elementor-element elementor-element-bb5aea0 elementor-widget elementor-widget-heading\" data-id=\"bb5aea0\" data-element_type=\"widget\" data-e-type=\"widget\" data-widget_type=\"heading.default\">\n\t\t\t\t<div class=\"elementor-widget-container\">\n\t\t\t\t\t<h3 class=\"elementor-heading-title elementor-size-default\">Objetivos<\/h3>\t\t\t\t<\/div>\n\t\t\t\t<\/div>\n\t\t\t\t<div class=\"elementor-element elementor-element-0387423 elementor-widget elementor-widget-text-editor\" data-id=\"0387423\" data-element_type=\"widget\" data-e-type=\"widget\" data-widget_type=\"text-editor.default\">\n\t\t\t\t<div class=\"elementor-widget-container\">\n\t\t\t\t\t\t\t\t\tO projeto CARDUR \u00e9 desenvolvido em Copromo\u00e7\u00e3o e visa a I&#038;D de fenolalquilaminas de cor clara,\nest\u00e1veis \u00e0 radia\u00e7\u00e3o UV e com uma elevada rapidez de cura, com vista \u00e0 sua aplica\u00e7\u00e3o enquanto\nendurecedor de tintas para o revestimento de produtos que operem em ambientes sens\u00edveis, como \u00e9 o caso dos ambientes salinos.\t\t\t\t\t\t\t\t<\/div>\n\t\t\t\t<\/div>\n\t\t\t\t<div class=\"elementor-element elementor-element-034ba17 elementor-widget elementor-widget-heading\" data-id=\"034ba17\" data-element_type=\"widget\" data-e-type=\"widget\" data-widget_type=\"heading.default\">\n\t\t\t\t<div class=\"elementor-widget-container\">\n\t\t\t\t\t<h3 class=\"elementor-heading-title elementor-size-default\">Atividades:<\/h3>\t\t\t\t<\/div>\n\t\t\t\t<\/div>\n\t\t\t\t<div class=\"elementor-element elementor-element-bc537f7 elementor-widget elementor-widget-text-editor\" data-id=\"bc537f7\" data-element_type=\"widget\" data-e-type=\"widget\" data-widget_type=\"text-editor.default\">\n\t\t\t\t<div class=\"elementor-widget-container\">\n\t\t\t\t\t\t\t\t\t<ol><li>Defini\u00e7\u00e3o de requisitos e especifica\u00e7\u00f5es t\u00e9cnicas;<\/li><li>Investiga\u00e7\u00e3o e Desenvolvimento de processos de purifica\u00e7\u00e3o e s\u00edntese em escala laboratorial;<\/li><li>Desenvolvimento e optimiza\u00e7\u00e3o de processo aplicado ao desenvolvimento de produtos \u00e0 escala<br \/>piloto. Constru\u00e7\u00e3o de prot\u00f3tipos;<\/li><li>Testes e Ensaios de Caracteriza\u00e7\u00e3o dos produtos obtidos \u00e0 escala laboratorial e piloto;<\/li><li>Testes e ensaios dos casos de estudo;<\/li><li>Gest\u00e3o da inova\u00e7\u00e3o e da valoriza\u00e7\u00e3o dos resultados (promo\u00e7\u00e3o e divulga\u00e7\u00e3o);<\/li><li>Gest\u00e3o.<\/li><\/ol>\t\t\t\t\t\t\t\t<\/div>\n\t\t\t\t<\/div>\n\t\t\t\t<div class=\"elementor-element elementor-element-e1b6a98 elementor-widget elementor-widget-image\" data-id=\"e1b6a98\" data-element_type=\"widget\" data-e-type=\"widget\" data-widget_type=\"image.default\">\n\t\t\t\t<div class=\"elementor-widget-container\">\n\t\t\t\t\t\t\t\t\t\t\t\t\t\t\t<img decoding=\"async\" width=\"930\" height=\"149\" src=\"https:\/\/www.resibras.pt\/wp-content\/uploads\/2023\/01\/image-1.png\" class=\"attachment-large size-large wp-image-4335\" alt=\"\" srcset=\"https:\/\/www.resibras.pt\/wp-content\/uploads\/2023\/01\/image-1.png 930w, https:\/\/www.resibras.pt\/wp-content\/uploads\/2023\/01\/image-1-300x48.png 300w, https:\/\/www.resibras.pt\/wp-content\/uploads\/2023\/01\/image-1-768x123.png 768w\" sizes=\"(max-width: 930px) 100vw, 930px\" \/>\t\t\t\t\t\t\t\t\t\t\t\t\t\t\t<\/div>\n\t\t\t\t<\/div>\n\t\t\t\t\t<\/div>\n\t\t<\/div>\n\t\t\t\t<div class=\"elementor-column elementor-col-16 elementor-top-column elementor-element elementor-element-89424c6\" data-id=\"89424c6\" data-element_type=\"column\" data-e-type=\"column\">\n\t\t\t<div class=\"elementor-widget-wrap\">\n\t\t\t\t\t\t\t<\/div>\n\t\t<\/div>\n\t\t\t\t\t<\/div>\n\t\t<\/section>\n\t\t\t\t<\/div>\n\t\t","protected":false},"excerpt":{"rendered":"<p>Ficha de Projeto Home Ficha de projeto Designa\u00e7\u00e3o do projeto CARDUR: Valoriza\u00e7\u00e3o do \u00f3leo da casca da castanha de caju no desenvolvimento sustent\u00e1vel de endurecedores de resinas epoxi C\u00f3digo do projeto LISBOA-01-0247-FEDER-039878; POCI-01-0247-FEDER-039878 Objetivo principal Refor\u00e7ar a investiga\u00e7\u00e3o, o desenvolvimento tecnol\u00f3gico e a inova\u00e7\u00e3o Regi\u00e3o de interven\u00e7\u00e3o \u00c1rea Metropolitana de Lisboa (Palmela); Norte (Guimar\u00e3es) Entidades [&hellip;]<\/p>\n","protected":false},"author":1,"featured_media":0,"parent":0,"menu_order":0,"comment_status":"closed","ping_status":"closed","template":"elementor_header_footer","meta":{"_acf_changed":false,"footnotes":""},"class_list":["post-1605","page","type-page","status-publish","hentry"],"acf":[],"yoast_head":"<!-- This site is optimized with the Yoast SEO plugin v27.4 - https:\/\/yoast.com\/product\/yoast-seo-wordpress\/ -->\n<title>Ficha de Projeto - Resibras Website<\/title>\n<meta name=\"robots\" content=\"index, follow, max-snippet:-1, max-image-preview:large, max-video-preview:-1\" \/>\n<link rel=\"canonical\" href=\"https:\/\/www.resibras.pt\/en\/projeto\/\" \/>\n<meta property=\"og:locale\" content=\"en_US\" \/>\n<meta property=\"og:type\" content=\"article\" \/>\n<meta property=\"og:title\" content=\"Ficha de Projeto - Resibras Website\" \/>\n<meta property=\"og:description\" content=\"Ficha de Projeto Home Ficha de projeto Designa\u00e7\u00e3o do projeto CARDUR: Valoriza\u00e7\u00e3o do \u00f3leo da casca da castanha de caju no desenvolvimento sustent\u00e1vel de endurecedores de resinas epoxi C\u00f3digo do projeto LISBOA-01-0247-FEDER-039878; POCI-01-0247-FEDER-039878 Objetivo principal Refor\u00e7ar a investiga\u00e7\u00e3o, o desenvolvimento tecnol\u00f3gico e a inova\u00e7\u00e3o Regi\u00e3o de interven\u00e7\u00e3o \u00c1rea Metropolitana de Lisboa (Palmela); Norte (Guimar\u00e3es) Entidades [&hellip;]\" \/>\n<meta property=\"og:url\" content=\"https:\/\/www.resibras.pt\/en\/projeto\/\" \/>\n<meta property=\"og:site_name\" content=\"Resibras Website\" \/>\n<meta property=\"article:modified_time\" content=\"2023-01-30T15:40:15+00:00\" \/>\n<meta property=\"og:image\" content=\"https:\/\/www.resibras.pt\/wp-content\/uploads\/2023\/01\/logotipos_lisboa2020_compete2020_portugal_2020-1.png\" \/>\n<meta name=\"twitter:card\" content=\"summary_large_image\" \/>\n<meta name=\"twitter:label1\" content=\"Est. reading time\" \/>\n\t<meta name=\"twitter:data1\" content=\"2 minutes\" \/>\n<script type=\"application\/ld+json\" class=\"yoast-schema-graph\">{\"@context\":\"https:\\\/\\\/schema.org\",\"@graph\":[{\"@type\":\"WebPage\",\"@id\":\"https:\\\/\\\/www.resibras.pt\\\/projeto\\\/\",\"url\":\"https:\\\/\\\/www.resibras.pt\\\/projeto\\\/\",\"name\":\"Ficha de Projeto - Resibras Website\",\"isPartOf\":{\"@id\":\"https:\\\/\\\/www.resibras.pt\\\/#website\"},\"primaryImageOfPage\":{\"@id\":\"https:\\\/\\\/www.resibras.pt\\\/projeto\\\/#primaryimage\"},\"image\":{\"@id\":\"https:\\\/\\\/www.resibras.pt\\\/projeto\\\/#primaryimage\"},\"thumbnailUrl\":\"https:\\\/\\\/www.resibras.pt\\\/wp-content\\\/uploads\\\/2023\\\/01\\\/logotipos_lisboa2020_compete2020_portugal_2020-1.png\",\"datePublished\":\"2021-05-24T13:42:36+00:00\",\"dateModified\":\"2023-01-30T15:40:15+00:00\",\"breadcrumb\":{\"@id\":\"https:\\\/\\\/www.resibras.pt\\\/projeto\\\/#breadcrumb\"},\"inLanguage\":\"en-US\",\"potentialAction\":[{\"@type\":\"ReadAction\",\"target\":[\"https:\\\/\\\/www.resibras.pt\\\/projeto\\\/\"]}]},{\"@type\":\"ImageObject\",\"inLanguage\":\"en-US\",\"@id\":\"https:\\\/\\\/www.resibras.pt\\\/projeto\\\/#primaryimage\",\"url\":\"https:\\\/\\\/www.resibras.pt\\\/wp-content\\\/uploads\\\/2023\\\/01\\\/logotipos_lisboa2020_compete2020_portugal_2020-1.png\",\"contentUrl\":\"https:\\\/\\\/www.resibras.pt\\\/wp-content\\\/uploads\\\/2023\\\/01\\\/logotipos_lisboa2020_compete2020_portugal_2020-1.png\"},{\"@type\":\"BreadcrumbList\",\"@id\":\"https:\\\/\\\/www.resibras.pt\\\/projeto\\\/#breadcrumb\",\"itemListElement\":[{\"@type\":\"ListItem\",\"position\":1,\"name\":\"In\u00edcio\",\"item\":\"https:\\\/\\\/www.resibras.pt\\\/\"},{\"@type\":\"ListItem\",\"position\":2,\"name\":\"Ficha de Projeto\"}]},{\"@type\":\"WebSite\",\"@id\":\"https:\\\/\\\/www.resibras.pt\\\/#website\",\"url\":\"https:\\\/\\\/www.resibras.pt\\\/\",\"name\":\"Resibras Website\",\"description\":\"Solu\u00e7\u00f5es e Tecnologia para a Ind\u00fastria Qu\u00edmica\",\"publisher\":{\"@id\":\"https:\\\/\\\/www.resibras.pt\\\/#organization\"},\"potentialAction\":[{\"@type\":\"SearchAction\",\"target\":{\"@type\":\"EntryPoint\",\"urlTemplate\":\"https:\\\/\\\/www.resibras.pt\\\/?s={search_term_string}\"},\"query-input\":{\"@type\":\"PropertyValueSpecification\",\"valueRequired\":true,\"valueName\":\"search_term_string\"}}],\"inLanguage\":\"en-US\"},{\"@type\":\"Organization\",\"@id\":\"https:\\\/\\\/www.resibras.pt\\\/#organization\",\"name\":\"Resibras Website\",\"url\":\"https:\\\/\\\/www.resibras.pt\\\/\",\"logo\":{\"@type\":\"ImageObject\",\"inLanguage\":\"en-US\",\"@id\":\"https:\\\/\\\/www.resibras.pt\\\/#\\\/schema\\\/logo\\\/image\\\/\",\"url\":\"https:\\\/\\\/www.resibras.pt\\\/wp-content\\\/uploads\\\/2022\\\/07\\\/logo.svg\",\"contentUrl\":\"https:\\\/\\\/www.resibras.pt\\\/wp-content\\\/uploads\\\/2022\\\/07\\\/logo.svg\",\"width\":211,\"height\":36,\"caption\":\"Resibras Website\"},\"image\":{\"@id\":\"https:\\\/\\\/www.resibras.pt\\\/#\\\/schema\\\/logo\\\/image\\\/\"}}]}<\/script>\n<!-- \/ Yoast SEO plugin. -->","yoast_head_json":{"title":"Ficha de Projeto - Resibras Website","robots":{"index":"index","follow":"follow","max-snippet":"max-snippet:-1","max-image-preview":"max-image-preview:large","max-video-preview":"max-video-preview:-1"},"canonical":"https:\/\/www.resibras.pt\/en\/projeto\/","og_locale":"en_US","og_type":"article","og_title":"Ficha de Projeto - Resibras Website","og_description":"Ficha de Projeto Home Ficha de projeto Designa\u00e7\u00e3o do projeto CARDUR: Valoriza\u00e7\u00e3o do \u00f3leo da casca da castanha de caju no desenvolvimento sustent\u00e1vel de endurecedores de resinas epoxi C\u00f3digo do projeto LISBOA-01-0247-FEDER-039878; POCI-01-0247-FEDER-039878 Objetivo principal Refor\u00e7ar a investiga\u00e7\u00e3o, o desenvolvimento tecnol\u00f3gico e a inova\u00e7\u00e3o Regi\u00e3o de interven\u00e7\u00e3o \u00c1rea Metropolitana de Lisboa (Palmela); Norte (Guimar\u00e3es) Entidades [&hellip;]","og_url":"https:\/\/www.resibras.pt\/en\/projeto\/","og_site_name":"Resibras Website","article_modified_time":"2023-01-30T15:40:15+00:00","og_image":[{"url":"https:\/\/www.resibras.pt\/wp-content\/uploads\/2023\/01\/logotipos_lisboa2020_compete2020_portugal_2020-1.png","type":"","width":"","height":""}],"twitter_card":"summary_large_image","twitter_misc":{"Est. reading time":"2 minutes"},"schema":{"@context":"https:\/\/schema.org","@graph":[{"@type":"WebPage","@id":"https:\/\/www.resibras.pt\/projeto\/","url":"https:\/\/www.resibras.pt\/projeto\/","name":"Ficha de Projeto - Resibras Website","isPartOf":{"@id":"https:\/\/www.resibras.pt\/#website"},"primaryImageOfPage":{"@id":"https:\/\/www.resibras.pt\/projeto\/#primaryimage"},"image":{"@id":"https:\/\/www.resibras.pt\/projeto\/#primaryimage"},"thumbnailUrl":"https:\/\/www.resibras.pt\/wp-content\/uploads\/2023\/01\/logotipos_lisboa2020_compete2020_portugal_2020-1.png","datePublished":"2021-05-24T13:42:36+00:00","dateModified":"2023-01-30T15:40:15+00:00","breadcrumb":{"@id":"https:\/\/www.resibras.pt\/projeto\/#breadcrumb"},"inLanguage":"en-US","potentialAction":[{"@type":"ReadAction","target":["https:\/\/www.resibras.pt\/projeto\/"]}]},{"@type":"ImageObject","inLanguage":"en-US","@id":"https:\/\/www.resibras.pt\/projeto\/#primaryimage","url":"https:\/\/www.resibras.pt\/wp-content\/uploads\/2023\/01\/logotipos_lisboa2020_compete2020_portugal_2020-1.png","contentUrl":"https:\/\/www.resibras.pt\/wp-content\/uploads\/2023\/01\/logotipos_lisboa2020_compete2020_portugal_2020-1.png"},{"@type":"BreadcrumbList","@id":"https:\/\/www.resibras.pt\/projeto\/#breadcrumb","itemListElement":[{"@type":"ListItem","position":1,"name":"In\u00edcio","item":"https:\/\/www.resibras.pt\/"},{"@type":"ListItem","position":2,"name":"Ficha de Projeto"}]},{"@type":"WebSite","@id":"https:\/\/www.resibras.pt\/#website","url":"https:\/\/www.resibras.pt\/","name":"Resibras Website","description":"Solu\u00e7\u00f5es e Tecnologia para a Ind\u00fastria Qu\u00edmica","publisher":{"@id":"https:\/\/www.resibras.pt\/#organization"},"potentialAction":[{"@type":"SearchAction","target":{"@type":"EntryPoint","urlTemplate":"https:\/\/www.resibras.pt\/?s={search_term_string}"},"query-input":{"@type":"PropertyValueSpecification","valueRequired":true,"valueName":"search_term_string"}}],"inLanguage":"en-US"},{"@type":"Organization","@id":"https:\/\/www.resibras.pt\/#organization","name":"Resibras Website","url":"https:\/\/www.resibras.pt\/","logo":{"@type":"ImageObject","inLanguage":"en-US","@id":"https:\/\/www.resibras.pt\/#\/schema\/logo\/image\/","url":"https:\/\/www.resibras.pt\/wp-content\/uploads\/2022\/07\/logo.svg","contentUrl":"https:\/\/www.resibras.pt\/wp-content\/uploads\/2022\/07\/logo.svg","width":211,"height":36,"caption":"Resibras Website"},"image":{"@id":"https:\/\/www.resibras.pt\/#\/schema\/logo\/image\/"}}]}},"_links":{"self":[{"href":"https:\/\/www.resibras.pt\/en\/wp-json\/wp\/v2\/pages\/1605","targetHints":{"allow":["GET"]}}],"collection":[{"href":"https:\/\/www.resibras.pt\/en\/wp-json\/wp\/v2\/pages"}],"about":[{"href":"https:\/\/www.resibras.pt\/en\/wp-json\/wp\/v2\/types\/page"}],"author":[{"embeddable":true,"href":"https:\/\/www.resibras.pt\/en\/wp-json\/wp\/v2\/users\/1"}],"replies":[{"embeddable":true,"href":"https:\/\/www.resibras.pt\/en\/wp-json\/wp\/v2\/comments?post=1605"}],"version-history":[{"count":10,"href":"https:\/\/www.resibras.pt\/en\/wp-json\/wp\/v2\/pages\/1605\/revisions"}],"predecessor-version":[{"id":4607,"href":"https:\/\/www.resibras.pt\/en\/wp-json\/wp\/v2\/pages\/1605\/revisions\/4607"}],"wp:attachment":[{"href":"https:\/\/www.resibras.pt\/en\/wp-json\/wp\/v2\/media?parent=1605"}],"curies":[{"name":"wp","href":"https:\/\/api.w.org\/{rel}","templated":true}]}}